{"id":13843,"date":"2024-02-20T12:43:39","date_gmt":"2024-02-20T12:43:39","guid":{"rendered":"https:\/\/pertech.com.br\/teste\/?page_id=13843"},"modified":"2025-03-26T20:11:31","modified_gmt":"2025-03-26T20:11:31","slug":"circuito-impresso","status":"publish","type":"page","link":"https:\/\/pertech.com.br\/teste\/circuito-impresso\/","title":{"rendered":"Circuito Impresso"},"content":{"rendered":"\t\t<div data-elementor-type=\"wp-page\" data-elementor-id=\"13843\" class=\"elementor elementor-13843\" data-elementor-settings=\"{&quot;element_pack_global_tooltip_width&quot;:{&quot;unit&quot;:&quot;px&quot;,&quot;size&quot;:&quot;&quot;,&quot;sizes&quot;:[]},&quot;element_pack_global_tooltip_width_tablet&quot;:{&quot;unit&quot;:&quot;px&quot;,&quot;size&quot;:&quot;&quot;,&quot;sizes&quot;:[]},&quot;element_pack_global_tooltip_width_mobile&quot;:{&quot;unit&quot;:&quot;px&quot;,&quot;size&quot;:&quot;&quot;,&quot;sizes&quot;:[]},&quot;element_pack_global_tooltip_padding&quot;:{&quot;unit&quot;:&quot;px&quot;,&quot;top&quot;:&quot;&quot;,&quot;right&quot;:&quot;&quot;,&quot;bottom&quot;:&quot;&quot;,&quot;left&quot;:&quot;&quot;,&quot;isLinked&quot;:true},&quot;element_pack_global_tooltip_padding_tablet&quot;:{&quot;unit&quot;:&quot;px&quot;,&quot;top&quot;:&quot;&quot;,&quot;right&quot;:&quot;&quot;,&quot;bottom&quot;:&quot;&quot;,&quot;left&quot;:&quot;&quot;,&quot;isLinked&quot;:true},&quot;element_pack_global_tooltip_padding_mobile&quot;:{&quot;unit&quot;:&quot;px&quot;,&quot;top&quot;:&quot;&quot;,&quot;right&quot;:&quot;&quot;,&quot;bottom&quot;:&quot;&quot;,&quot;left&quot;:&quot;&quot;,&quot;isLinked&quot;:true},&quot;element_pack_global_tooltip_border_radius&quot;:{&quot;unit&quot;:&quot;px&quot;,&quot;top&quot;:&quot;&quot;,&quot;right&quot;:&quot;&quot;,&quot;bottom&quot;:&quot;&quot;,&quot;left&quot;:&quot;&quot;,&quot;isLinked&quot;:true},&quot;element_pack_global_tooltip_border_radius_tablet&quot;:{&quot;unit&quot;:&quot;px&quot;,&quot;top&quot;:&quot;&quot;,&quot;right&quot;:&quot;&quot;,&quot;bottom&quot;:&quot;&quot;,&quot;left&quot;:&quot;&quot;,&quot;isLinked&quot;:true},&quot;element_pack_global_tooltip_border_radius_mobile&quot;:{&quot;unit&quot;:&quot;px&quot;,&quot;top&quot;:&quot;&quot;,&quot;right&quot;:&quot;&quot;,&quot;bottom&quot;:&quot;&quot;,&quot;left&quot;:&quot;&quot;,&quot;isLinked&quot;:true}}\" data-elementor-post-type=\"page\">\n\t\t\t\t\t\t<section class=\"elementor-section elementor-top-section elementor-element elementor-element-e9aeb13 elementor-section-boxed elementor-section-height-default elementor-section-height-default\" data-id=\"e9aeb13\" data-element_type=\"section\" data-e-type=\"section\" data-settings=\"{&quot;background_background&quot;:&quot;classic&quot;}\">\n\t\t\t\t\t\t\t<div class=\"elementor-background-overlay\"><\/div>\n\t\t\t\t\t\t\t<div class=\"elementor-container elementor-column-gap-no\">\n\t\t\t\t\t<div class=\"elementor-column elementor-col-100 elementor-top-column elementor-element elementor-element-b0acb05\" data-id=\"b0acb05\" data-element_type=\"column\" data-e-type=\"column\">\n\t\t\t<div class=\"elementor-widget-wrap elementor-element-populated\">\n\t\t\t\t\t\t<div class=\"elementor-element elementor-element-7f06524 elementor-widget elementor-widget-text-editor\" data-id=\"7f06524\" data-element_type=\"widget\" data-e-type=\"widget\" data-widget_type=\"text-editor.default\">\n\t\t\t\t<div class=\"elementor-widget-container\">\n\t\t\t\t\t\t\t\t\t<p>Circuito <strong>Impresso<\/strong><\/p>\t\t\t\t\t\t\t\t<\/div>\n\t\t\t\t<\/div>\n\t\t\t\t<div class=\"elementor-element elementor-element-9a3b6ea elementor-widget elementor-widget-text-editor\" data-id=\"9a3b6ea\" data-element_type=\"widget\" data-e-type=\"widget\" data-widget_type=\"text-editor.default\">\n\t\t\t\t<div class=\"elementor-widget-container\">\n\t\t\t\t\t\t\t\t\t<p>LAMINADO INDUSTRIAL<\/p>\t\t\t\t\t\t\t\t<\/div>\n\t\t\t\t<\/div>\n\t\t\t\t\t<\/div>\n\t\t<\/div>\n\t\t\t\t\t<\/div>\n\t\t<\/section>\n\t\t\t\t<section class=\"elementor-section elementor-top-section elementor-element elementor-element-f63c0e2 elementor-section-boxed elementor-section-height-default elementor-section-height-default\" data-id=\"f63c0e2\" data-element_type=\"section\" data-e-type=\"section\" data-settings=\"{&quot;background_background&quot;:&quot;classic&quot;}\">\n\t\t\t\t\t\t<div class=\"elementor-container elementor-column-gap-default\">\n\t\t\t\t\t<div class=\"elementor-column elementor-col-100 elementor-top-column elementor-element elementor-element-0f11b18\" data-id=\"0f11b18\" data-element_type=\"column\" data-e-type=\"column\">\n\t\t\t<div class=\"elementor-widget-wrap elementor-element-populated\">\n\t\t\t\t\t\t<div class=\"elementor-element elementor-element-ec935b5 elementor-widget elementor-widget-text-editor\" data-id=\"ec935b5\" data-element_type=\"widget\" data-e-type=\"widget\" data-widget_type=\"text-editor.default\">\n\t\t\t\t<div class=\"elementor-widget-container\">\n\t\t\t\t\t\t\t\t\t<p>No Setor Eletroeletr\u00f4nico, a <strong>Pertech do Brasil<\/strong> atua no mercado de <strong>Circuitos Impressos<\/strong> fornecendo <strong>Laminados Industriais<\/strong> para os segmentos: Convencional, Profissional e de Multicamadas.\u00a0<\/p><p><strong>LAMINADOS INDUSTRIAIS<\/strong> (ou <strong>LAMINADOS T\u00c9CNICOS<\/strong>) s\u00e3o mat\u00e9rias-primas para a fabrica\u00e7\u00e3o de Placas de Circuitos Impressos e est\u00e3o dispon\u00edveis em v\u00e1rias espessuras e tipos de cobre (1\/2 on\u00e7a, 1 on\u00e7a e 2 on\u00e7as) podendo ser fornecidos em simples ou dupla face de acordo com as necessidades espec\u00edficas dos projetos.<\/p>\t\t\t\t\t\t\t\t<\/div>\n\t\t\t\t<\/div>\n\t\t\t\t<section class=\"elementor-section elementor-inner-section elementor-element elementor-element-03b2aac elementor-section-boxed elementor-section-height-default elementor-section-height-default\" data-id=\"03b2aac\" data-element_type=\"section\" data-e-type=\"section\">\n\t\t\t\t\t\t<div class=\"elementor-container elementor-column-gap-default\">\n\t\t\t\t\t<div class=\"elementor-column elementor-col-100 elementor-inner-column elementor-element elementor-element-73ecd9b\" data-id=\"73ecd9b\" data-element_type=\"column\" data-e-type=\"column\">\n\t\t\t<div class=\"elementor-widget-wrap elementor-element-populated\">\n\t\t\t\t\t\t<div class=\"elementor-element elementor-element-b172d1f elementor-widget elementor-widget-progress\" data-id=\"b172d1f\" data-element_type=\"widget\" data-e-type=\"widget\" data-widget_type=\"progress.default\">\n\t\t\t\t<div class=\"elementor-widget-container\">\n\t\t\t\t\t\n\t\t<div class=\"elementor-progress-wrapper\" role=\"progressbar\" aria-valuemin=\"0\" aria-valuemax=\"100\" aria-valuenow=\"100\">\n\t\t\t<div class=\"elementor-progress-bar\" data-max=\"100\">\n\t\t\t\t<span class=\"elementor-progress-text\"><\/span>\n\t\t\t\t\t\t\t<\/div>\n\t\t<\/div>\n\t\t\t\t\t\t<\/div>\n\t\t\t\t<\/div>\n\t\t\t\t<div class=\"elementor-element elementor-element-adc7378 elementor-widget__width-inherit elementor-widget elementor-widget-text-editor\" data-id=\"adc7378\" data-element_type=\"widget\" data-e-type=\"widget\" data-widget_type=\"text-editor.default\">\n\t\t\t\t<div class=\"elementor-widget-container\">\n\t\t\t\t\t\t\t\t\t<p style=\"text-align: center;\">CIRCUITO IMPRESSO<\/p>\t\t\t\t\t\t\t\t<\/div>\n\t\t\t\t<\/div>\n\t\t\t\t<div class=\"elementor-element elementor-element-9fcaec5 elementor-widget elementor-widget-text-editor\" data-id=\"9fcaec5\" data-element_type=\"widget\" data-e-type=\"widget\" data-widget_type=\"text-editor.default\">\n\t\t\t\t<div class=\"elementor-widget-container\">\n\t\t\t\t\t\t\t\t\t<p><strong>FR-1 (FENOLITE)<\/strong><\/p><p><strong>Laminado Industrial<\/strong> que utiliza, como base, v\u00e1rias camadas de papel kraft impregnados com resina fen\u00f3lica. Amplamente utilizados na fabrica\u00e7\u00e3o de Placas de Circuitos Impressos Convencionais para aparelhos e equipamentos eletr\u00f4nicos como: TVs; Controles Remotos; CPUs; Eletrodom\u00e9sticos; Fontes de Alimenta\u00e7\u00e3o; Aparelhos de Entretenimento; Filtros de Linhas; Pe\u00e7as Linha Automotiva; etc.<\/p><p><strong>CEM-1 (COMPOSITE)<\/strong><\/p><p>Laminado Industrial que utiliza, como base, camadas de tecido de vidro e papel kraft impregnados com resina ep\u00f3xi. Amplamente utilizados na fabrica\u00e7\u00e3o de Placas de Circuitos Impressos Convencionais para aparelhos e equipamentos eletr\u00f4nicos como: TVs; Aparelhos com Leds de baixa pot\u00eancia; Lanternas Traseiras de \u00d4nibus e Caminh\u00f5es; Nobreaks; Estabilizador de Energia; etc.<\/p><p><strong>FR-4 (FIBRA DE VIDRO)<\/strong><\/p><p>Laminado Industrial que utiliza, como base, camadas de tecido de vidro impregnadas com resina ep\u00f3xi. Amplamente utilizados na fabrica\u00e7\u00e3o de Placas de Impressos profissionais para aparelhos e equipamentos eletr\u00f4nicos como: TVs; Esta\u00e7\u00f5es R\u00e1dio Base (ERBs); Linha Automotiva; Inform\u00e1tica; Equipamentos e Aparelhos Hospitalares; Telecomunica\u00e7\u00e3o; Automa\u00e7\u00e3o Banc\u00e1ria e Comercial; Equipamentos de Som Profissional; etc.<\/p><p><strong>MCPCB (METAL CORE &#8211; ALUM\u00cdNIO BASE)<\/strong><\/p><p>Laminado Industrial que utiliza, como base, alum\u00ednio 5052 (Alum. Naval) e 1 camada de tecido de vidro impregnado com resina ep\u00f3xi. Amplamente utilizados na fabrica\u00e7\u00e3o de Placas de Circuitos Impressos para LEDs de alta pot\u00eancia nos segmentos Automotivo; Ilumina\u00e7\u00e3o P\u00fablica, Comercial e Residencial (vias p\u00fablicas, rodovias, postos degasolina, shoppings, condom\u00ednios e etc).<\/p><p><strong>NORMAS &#8211; REFER\u00caNCIAS:<\/strong><\/p><p>ANSI: FR-1 \/ JIS: PP7F (UL94 V-0)<\/p><p>ANSI: CEM-1 (UL94 V-0)<\/p><p>ANSI: FR-4 (UL94 V-0)<\/p><p>IPC-4101C Spec\/21: MCPCB_METAL CORE (UL94 V-0) &#8211; M\u00e9todo de Teste: ASTM D5470 e IPC-TM-650<\/p><p><strong>Todos Atendem:<\/strong> RoHS Directive<\/p>\t\t\t\t\t\t\t\t<\/div>\n\t\t\t\t<\/div>\n\t\t<div class=\"elementor-element elementor-element-fa43abc e-flex e-con-boxed e-con e-parent\" data-id=\"fa43abc\" data-element_type=\"container\" data-e-type=\"container\">\n\t\t\t\t\t<div class=\"e-con-inner\">\n\t\t\t\t<div class=\"elementor-element elementor-element-e5d583e elementor-widget__width-inherit elementor-widget elementor-widget-image-carousel\" data-id=\"e5d583e\" data-element_type=\"widget\" data-e-type=\"widget\" data-settings=\"{&quot;slides_to_show&quot;:&quot;3&quot;,&quot;navigation&quot;:&quot;none&quot;,&quot;image_spacing_custom&quot;:{&quot;unit&quot;:&quot;px&quot;,&quot;size&quot;:30,&quot;sizes&quot;:[]},&quot;autoplay&quot;:&quot;yes&quot;,&quot;pause_on_hover&quot;:&quot;yes&quot;,&quot;pause_on_interaction&quot;:&quot;yes&quot;,&quot;autoplay_speed&quot;:5000,&quot;infinite&quot;:&quot;yes&quot;,&quot;speed&quot;:500,&quot;image_spacing_custom_tablet&quot;:{&quot;unit&quot;:&quot;px&quot;,&quot;size&quot;:&quot;&quot;,&quot;sizes&quot;:[]},&quot;image_spacing_custom_mobile&quot;:{&quot;unit&quot;:&quot;px&quot;,&quot;size&quot;:&quot;&quot;,&quot;sizes&quot;:[]}}\" data-widget_type=\"image-carousel.default\">\n\t\t\t\t<div class=\"elementor-widget-container\">\n\t\t\t\t\t\t\t<div class=\"elementor-image-carousel-wrapper swiper\" role=\"region\" aria-roledescription=\"carousel\" aria-label=\"Carrossel de imagens\" dir=\"ltr\">\n\t\t\t<div class=\"elementor-image-carousel swiper-wrapper swiper-image-stretch\" aria-live=\"off\">\n\t\t\t\t\t\t\t\t<div class=\"swiper-slide\" role=\"group\" aria-roledescription=\"slide\" aria-label=\"1 de 3\"><figure class=\"swiper-slide-inner\"><img decoding=\"async\" class=\"swiper-slide-image\" src=\"https:\/\/pertech.com.br\/teste\/wp-content\/uploads\/2025\/03\/1-768x461.jpg\" alt=\"1\" \/><\/figure><\/div><div class=\"swiper-slide\" role=\"group\" aria-roledescription=\"slide\" aria-label=\"2 de 3\"><figure class=\"swiper-slide-inner\"><img decoding=\"async\" class=\"swiper-slide-image\" src=\"https:\/\/pertech.com.br\/teste\/wp-content\/uploads\/2025\/03\/2-768x461.jpg\" alt=\"2\" \/><\/figure><\/div><div class=\"swiper-slide\" role=\"group\" aria-roledescription=\"slide\" aria-label=\"3 de 3\"><figure class=\"swiper-slide-inner\"><img decoding=\"async\" class=\"swiper-slide-image\" src=\"https:\/\/pertech.com.br\/teste\/wp-content\/uploads\/2025\/03\/3-768x461.jpg\" alt=\"3\" \/><\/figure><\/div>\t\t\t<\/div>\n\t\t\t\t\t\t\t\n\t\t\t\t\t\t\t\t\t<\/div>\n\t\t\t\t\t\t<\/div>\n\t\t\t\t<\/div>\n\t\t\t\t\t<\/div>\n\t\t\t\t<\/div>\n\t\t\t\t\t<\/div>\n\t\t<\/div>\n\t\t\t\t\t<\/div>\n\t\t<\/section>\n\t\t\t\t<div class=\"elementor-element elementor-element-386d2bf elementor-widget elementor-widget-text-editor\" data-id=\"386d2bf\" data-element_type=\"widget\" data-e-type=\"widget\" data-widget_type=\"text-editor.default\">\n\t\t\t\t<div class=\"elementor-widget-container\">\n\t\t\t\t\t\t\t\t\t<p>Por que escolher os laminados Pertech para placas de circuitos?<\/p>\t\t\t\t\t\t\t\t<\/div>\n\t\t\t\t<\/div>\n\t\t\t\t<div class=\"elementor-element elementor-element-6c07ea1 elementor-widget elementor-widget-text-editor\" data-id=\"6c07ea1\" data-element_type=\"widget\" data-e-type=\"widget\" data-widget_type=\"text-editor.default\">\n\t\t\t\t<div class=\"elementor-widget-container\">\n\t\t\t\t\t\t\t\t\t<p>A Pertech \u00e9 refer\u00eancia em qualidade e inova\u00e7\u00e3o na fabrica\u00e7\u00e3o de laminados industriais para circuitos impressos, garantindo alto desempenho e conformidade com normas como a <strong data-start=\"172\" data-end=\"190\">RoHS Directive<\/strong>. Seus produtos atendem diversas aplica\u00e7\u00f5es, desde circuitos convencionais em TVs, controles remotos e CPUs at\u00e9 solu\u00e7\u00f5es mais avan\u00e7adas para telecomunica\u00e7\u00f5es, equipamentos hospitalares e inform\u00e1tica. Utilizando combina\u00e7\u00f5es de papel kraft, tecido de vidro e resina ep\u00f3xi, os laminados da Pertech oferecem resist\u00eancia, durabilidade e efici\u00eancia. Com suporte t\u00e9cnico especializado e processos rigorosos de qualidade, a Pertech \u00e9 a escolha ideal para projetos eletr\u00f4nicos confi\u00e1veis e inovadores.<\/p>\t\t\t\t\t\t\t\t<\/div>\n\t\t\t\t<\/div>\n\t\t\t\t\t<\/div>\n\t\t<\/div>\n\t\t\t\t\t<\/div>\n\t\t<\/section>\n\t\t\t\t<section class=\"elementor-section elementor-top-section elementor-element elementor-element-6d2048c elementor-section-boxed elementor-section-height-default elementor-section-height-default\" data-id=\"6d2048c\" data-element_type=\"section\" data-e-type=\"section\" data-settings=\"{&quot;background_background&quot;:&quot;classic&quot;}\">\n\t\t\t\t\t\t<div class=\"elementor-container elementor-column-gap-default\">\n\t\t\t\t\t<div class=\"elementor-column elementor-col-100 elementor-top-column elementor-element elementor-element-0dccee3\" data-id=\"0dccee3\" data-element_type=\"column\" data-e-type=\"column\">\n\t\t\t<div class=\"elementor-widget-wrap elementor-element-populated\">\n\t\t\t\t\t\t<div class=\"elementor-element elementor-element-b253eba elementor-widget elementor-widget-image\" data-id=\"b253eba\" data-element_type=\"widget\" data-e-type=\"widget\" data-widget_type=\"image.default\">\n\t\t\t\t<div class=\"elementor-widget-container\">\n\t\t\t\t\t\t\t\t\t\t\t\t\t\t\t<img decoding=\"async\" width=\"66\" height=\"66\" src=\"https:\/\/pertech.com.br\/teste\/wp-content\/uploads\/2024\/01\/Mask-group.svg\" class=\"attachment-full size-full wp-image-9784\" alt=\"\" srcset=\"https:\/\/pertech.com.br\/teste\/wp-content\/uploads\/\/2024\/01\/Mask-group.svg 150w, https:\/\/pertech.com.br\/teste\/wp-content\/uploads\/\/2024\/01\/Mask-group.svg 300w, https:\/\/pertech.com.br\/teste\/wp-content\/uploads\/\/2024\/01\/Mask-group.svg 1024w, https:\/\/pertech.com.br\/teste\/wp-content\/uploads\/\/2024\/01\/Mask-group.svg 66w\" sizes=\"(max-width: 66px) 100vw, 66px\" \/>\t\t\t\t\t\t\t\t\t\t\t\t\t\t\t<\/div>\n\t\t\t\t<\/div>\n\t\t\t\t<div class=\"elementor-element elementor-element-1492ef5 elementor-widget elementor-widget-text-editor\" data-id=\"1492ef5\" data-element_type=\"widget\" data-e-type=\"widget\" data-widget_type=\"text-editor.default\">\n\t\t\t\t<div class=\"elementor-widget-container\">\n\t\t\t\t\t\t\t\t\t<p style=\"text-align: center;\">PROPRIEDADES <strong>ANTIBACTERIANA<\/strong><\/p>\t\t\t\t\t\t\t\t<\/div>\n\t\t\t\t<\/div>\n\t\t\t\t<div class=\"elementor-element elementor-element-4560e7c elementor-widget elementor-widget-text-editor\" data-id=\"4560e7c\" data-element_type=\"widget\" data-e-type=\"widget\" data-widget_type=\"text-editor.default\">\n\t\t\t\t<div class=\"elementor-widget-container\">\n\t\t\t\t\t\t\t\t\t<p style=\"text-align: center;\">Todos os produtos Pertech j\u00e1 saem de f\u00e1brica com prote\u00e7\u00e3o antibacteriana, sendo assim totalmente livre de microorganismos.<\/p>\t\t\t\t\t\t\t\t<\/div>\n\t\t\t\t<\/div>\n\t\t\t\t\t<\/div>\n\t\t<\/div>\n\t\t\t\t\t<\/div>\n\t\t<\/section>\n\t\t\t\t<\/div>\n\t\t","protected":false},"excerpt":{"rendered":"<p>Circuito Impresso LAMINADO INDUSTRIAL No Setor Eletroeletr\u00f4nico, a Pertech do Brasil atua no mercado de Circuitos Impressos fornecendo Laminados Industriais para os segmentos: Convencional, Profissional e de Multicamadas.\u00a0 LAMINADOS INDUSTRIAIS (ou LAMINADOS T\u00c9CNICOS) s\u00e3o mat\u00e9rias-primas para a fabrica\u00e7\u00e3o de Placas de Circuitos Impressos e est\u00e3o dispon\u00edveis em v\u00e1rias espessuras e tipos de cobre (1\/2 on\u00e7a, [&hellip;]<\/p>\n","protected":false},"author":6,"featured_media":0,"parent":0,"menu_order":0,"comment_status":"closed","ping_status":"closed","template":"elementor_canvas","meta":{"_acf_changed":false,"footnotes":""},"class_list":["post-13843","page","type-page","status-publish","hentry"],"acf":[],"yoast_head":"<!-- This site is optimized with the Yoast SEO Premium plugin v26.0 (Yoast SEO v26.9) - https:\/\/yoast.com\/product\/yoast-seo-premium-wordpress\/ -->\n<title>Circuito Impresso - Pertech<\/title>\n<meta name=\"robots\" content=\"index, follow, max-snippet:-1, max-image-preview:large, max-video-preview:-1\" \/>\n<link rel=\"canonical\" href=\"https:\/\/pertech.com.br\/teste\/circuito-impresso\/\" \/>\n<meta property=\"og:locale\" content=\"pt_BR\" \/>\n<meta property=\"og:type\" content=\"article\" \/>\n<meta property=\"og:title\" content=\"Circuito Impresso\" \/>\n<meta property=\"og:description\" content=\"Circuito Impresso LAMINADO INDUSTRIAL No Setor Eletroeletr\u00f4nico, a Pertech do Brasil atua no mercado de Circuitos Impressos fornecendo Laminados Industriais para os segmentos: Convencional, Profissional e de Multicamadas.\u00a0 LAMINADOS INDUSTRIAIS (ou LAMINADOS T\u00c9CNICOS) s\u00e3o mat\u00e9rias-primas para a fabrica\u00e7\u00e3o de Placas de Circuitos Impressos e est\u00e3o dispon\u00edveis em v\u00e1rias espessuras e tipos de cobre (1\/2 on\u00e7a, [&hellip;]\" \/>\n<meta property=\"og:url\" content=\"https:\/\/pertech.com.br\/teste\/circuito-impresso\/\" \/>\n<meta property=\"og:site_name\" content=\"Pertech\" \/>\n<meta property=\"article:modified_time\" content=\"2025-03-26T20:11:31+00:00\" \/>\n<meta property=\"og:image\" content=\"https:\/\/pertech.com.br\/teste\/wp-content\/uploads\/2025\/03\/1-768x461.jpg\" \/>\n<meta name=\"twitter:card\" content=\"summary_large_image\" \/>\n<meta name=\"twitter:label1\" content=\"Est. tempo de leitura\" \/>\n\t<meta name=\"twitter:data1\" content=\"3 minutos\" \/>\n<script type=\"application\/ld+json\" class=\"yoast-schema-graph\">{\"@context\":\"https:\/\/schema.org\",\"@graph\":[{\"@type\":\"WebPage\",\"@id\":\"https:\/\/pertech.com.br\/teste\/circuito-impresso\/\",\"url\":\"https:\/\/pertech.com.br\/teste\/circuito-impresso\/\",\"name\":\"Circuito Impresso - Pertech\",\"isPartOf\":{\"@id\":\"https:\/\/pertech.com.br\/teste\/#website\"},\"primaryImageOfPage\":{\"@id\":\"https:\/\/pertech.com.br\/teste\/circuito-impresso\/#primaryimage\"},\"image\":{\"@id\":\"https:\/\/pertech.com.br\/teste\/circuito-impresso\/#primaryimage\"},\"thumbnailUrl\":\"https:\/\/pertech.com.br\/teste\/wp-content\/uploads\/2025\/03\/1-768x461.jpg\",\"datePublished\":\"2024-02-20T12:43:39+00:00\",\"dateModified\":\"2025-03-26T20:11:31+00:00\",\"breadcrumb\":{\"@id\":\"https:\/\/pertech.com.br\/teste\/circuito-impresso\/#breadcrumb\"},\"inLanguage\":\"pt-BR\",\"potentialAction\":[{\"@type\":\"ReadAction\",\"target\":[\"https:\/\/pertech.com.br\/teste\/circuito-impresso\/\"]}]},{\"@type\":\"ImageObject\",\"inLanguage\":\"pt-BR\",\"@id\":\"https:\/\/pertech.com.br\/teste\/circuito-impresso\/#primaryimage\",\"url\":\"https:\/\/pertech.com.br\/teste\/wp-content\/uploads\/2025\/03\/1.jpg\",\"contentUrl\":\"https:\/\/pertech.com.br\/teste\/wp-content\/uploads\/2025\/03\/1.jpg\",\"width\":1400,\"height\":840},{\"@type\":\"BreadcrumbList\",\"@id\":\"https:\/\/pertech.com.br\/teste\/circuito-impresso\/#breadcrumb\",\"itemListElement\":[{\"@type\":\"ListItem\",\"position\":1,\"name\":\"In\u00edcio\",\"item\":\"https:\/\/pertech.com.br\/teste\/\"},{\"@type\":\"ListItem\",\"position\":2,\"name\":\"Circuito Impresso\"}]},{\"@type\":\"WebSite\",\"@id\":\"https:\/\/pertech.com.br\/teste\/#website\",\"url\":\"https:\/\/pertech.com.br\/teste\/\",\"name\":\"Pertech\",\"description\":\"\",\"potentialAction\":[{\"@type\":\"SearchAction\",\"target\":{\"@type\":\"EntryPoint\",\"urlTemplate\":\"https:\/\/pertech.com.br\/teste\/?s={search_term_string}\"},\"query-input\":{\"@type\":\"PropertyValueSpecification\",\"valueRequired\":true,\"valueName\":\"search_term_string\"}}],\"inLanguage\":\"pt-BR\"}]}<\/script>\n<!-- \/ Yoast SEO Premium plugin. -->","yoast_head_json":{"title":"Circuito Impresso - Pertech","robots":{"index":"index","follow":"follow","max-snippet":"max-snippet:-1","max-image-preview":"max-image-preview:large","max-video-preview":"max-video-preview:-1"},"canonical":"https:\/\/pertech.com.br\/teste\/circuito-impresso\/","og_locale":"pt_BR","og_type":"article","og_title":"Circuito Impresso","og_description":"Circuito Impresso LAMINADO INDUSTRIAL No Setor Eletroeletr\u00f4nico, a Pertech do Brasil atua no mercado de Circuitos Impressos fornecendo Laminados Industriais para os segmentos: Convencional, Profissional e de Multicamadas.\u00a0 LAMINADOS INDUSTRIAIS (ou LAMINADOS T\u00c9CNICOS) s\u00e3o mat\u00e9rias-primas para a fabrica\u00e7\u00e3o de Placas de Circuitos Impressos e est\u00e3o dispon\u00edveis em v\u00e1rias espessuras e tipos de cobre (1\/2 on\u00e7a, [&hellip;]","og_url":"https:\/\/pertech.com.br\/teste\/circuito-impresso\/","og_site_name":"Pertech","article_modified_time":"2025-03-26T20:11:31+00:00","og_image":[{"url":"https:\/\/pertech.com.br\/teste\/wp-content\/uploads\/2025\/03\/1-768x461.jpg","type":"","width":"","height":""}],"twitter_card":"summary_large_image","twitter_misc":{"Est. tempo de leitura":"3 minutos"},"schema":{"@context":"https:\/\/schema.org","@graph":[{"@type":"WebPage","@id":"https:\/\/pertech.com.br\/teste\/circuito-impresso\/","url":"https:\/\/pertech.com.br\/teste\/circuito-impresso\/","name":"Circuito Impresso - Pertech","isPartOf":{"@id":"https:\/\/pertech.com.br\/teste\/#website"},"primaryImageOfPage":{"@id":"https:\/\/pertech.com.br\/teste\/circuito-impresso\/#primaryimage"},"image":{"@id":"https:\/\/pertech.com.br\/teste\/circuito-impresso\/#primaryimage"},"thumbnailUrl":"https:\/\/pertech.com.br\/teste\/wp-content\/uploads\/2025\/03\/1-768x461.jpg","datePublished":"2024-02-20T12:43:39+00:00","dateModified":"2025-03-26T20:11:31+00:00","breadcrumb":{"@id":"https:\/\/pertech.com.br\/teste\/circuito-impresso\/#breadcrumb"},"inLanguage":"pt-BR","potentialAction":[{"@type":"ReadAction","target":["https:\/\/pertech.com.br\/teste\/circuito-impresso\/"]}]},{"@type":"ImageObject","inLanguage":"pt-BR","@id":"https:\/\/pertech.com.br\/teste\/circuito-impresso\/#primaryimage","url":"https:\/\/pertech.com.br\/teste\/wp-content\/uploads\/2025\/03\/1.jpg","contentUrl":"https:\/\/pertech.com.br\/teste\/wp-content\/uploads\/2025\/03\/1.jpg","width":1400,"height":840},{"@type":"BreadcrumbList","@id":"https:\/\/pertech.com.br\/teste\/circuito-impresso\/#breadcrumb","itemListElement":[{"@type":"ListItem","position":1,"name":"In\u00edcio","item":"https:\/\/pertech.com.br\/teste\/"},{"@type":"ListItem","position":2,"name":"Circuito Impresso"}]},{"@type":"WebSite","@id":"https:\/\/pertech.com.br\/teste\/#website","url":"https:\/\/pertech.com.br\/teste\/","name":"Pertech","description":"","potentialAction":[{"@type":"SearchAction","target":{"@type":"EntryPoint","urlTemplate":"https:\/\/pertech.com.br\/teste\/?s={search_term_string}"},"query-input":{"@type":"PropertyValueSpecification","valueRequired":true,"valueName":"search_term_string"}}],"inLanguage":"pt-BR"}]}},"_links":{"self":[{"href":"https:\/\/pertech.com.br\/teste\/wp-json\/wp\/v2\/pages\/13843","targetHints":{"allow":["GET"]}}],"collection":[{"href":"https:\/\/pertech.com.br\/teste\/wp-json\/wp\/v2\/pages"}],"about":[{"href":"https:\/\/pertech.com.br\/teste\/wp-json\/wp\/v2\/types\/page"}],"author":[{"embeddable":true,"href":"https:\/\/pertech.com.br\/teste\/wp-json\/wp\/v2\/users\/6"}],"replies":[{"embeddable":true,"href":"https:\/\/pertech.com.br\/teste\/wp-json\/wp\/v2\/comments?post=13843"}],"version-history":[{"count":0,"href":"https:\/\/pertech.com.br\/teste\/wp-json\/wp\/v2\/pages\/13843\/revisions"}],"wp:attachment":[{"href":"https:\/\/pertech.com.br\/teste\/wp-json\/wp\/v2\/media?parent=13843"}],"curies":[{"name":"wp","href":"https:\/\/api.w.org\/{rel}","templated":true}]}}