{"id":14517,"date":"2024-02-28T18:52:57","date_gmt":"2024-02-28T18:52:57","guid":{"rendered":"https:\/\/pertech.com.br\/teste\/?page_id=14517"},"modified":"2025-05-13T14:35:47","modified_gmt":"2025-05-13T14:35:47","slug":"colecao-especialidades","status":"publish","type":"page","link":"https:\/\/pertech.com.br\/teste\/colecao-especialidades\/","title":{"rendered":"COLE\u00c7\u00c3O ESPECIALIDADES"},"content":{"rendered":"\t\t<div data-elementor-type=\"wp-page\" data-elementor-id=\"14517\" class=\"elementor elementor-14517\" data-elementor-settings=\"{&quot;element_pack_global_tooltip_width&quot;:{&quot;unit&quot;:&quot;px&quot;,&quot;size&quot;:&quot;&quot;,&quot;sizes&quot;:[]},&quot;element_pack_global_tooltip_width_tablet&quot;:{&quot;unit&quot;:&quot;px&quot;,&quot;size&quot;:&quot;&quot;,&quot;sizes&quot;:[]},&quot;element_pack_global_tooltip_width_mobile&quot;:{&quot;unit&quot;:&quot;px&quot;,&quot;size&quot;:&quot;&quot;,&quot;sizes&quot;:[]},&quot;element_pack_global_tooltip_padding&quot;:{&quot;unit&quot;:&quot;px&quot;,&quot;top&quot;:&quot;&quot;,&quot;right&quot;:&quot;&quot;,&quot;bottom&quot;:&quot;&quot;,&quot;left&quot;:&quot;&quot;,&quot;isLinked&quot;:true},&quot;element_pack_global_tooltip_padding_tablet&quot;:{&quot;unit&quot;:&quot;px&quot;,&quot;top&quot;:&quot;&quot;,&quot;right&quot;:&quot;&quot;,&quot;bottom&quot;:&quot;&quot;,&quot;left&quot;:&quot;&quot;,&quot;isLinked&quot;:true},&quot;element_pack_global_tooltip_padding_mobile&quot;:{&quot;unit&quot;:&quot;px&quot;,&quot;top&quot;:&quot;&quot;,&quot;right&quot;:&quot;&quot;,&quot;bottom&quot;:&quot;&quot;,&quot;left&quot;:&quot;&quot;,&quot;isLinked&quot;:true},&quot;element_pack_global_tooltip_border_radius&quot;:{&quot;unit&quot;:&quot;px&quot;,&quot;top&quot;:&quot;&quot;,&quot;right&quot;:&quot;&quot;,&quot;bottom&quot;:&quot;&quot;,&quot;left&quot;:&quot;&quot;,&quot;isLinked&quot;:true},&quot;element_pack_global_tooltip_border_radius_tablet&quot;:{&quot;unit&quot;:&quot;px&quot;,&quot;top&quot;:&quot;&quot;,&quot;right&quot;:&quot;&quot;,&quot;bottom&quot;:&quot;&quot;,&quot;left&quot;:&quot;&quot;,&quot;isLinked&quot;:true},&quot;element_pack_global_tooltip_border_radius_mobile&quot;:{&quot;unit&quot;:&quot;px&quot;,&quot;top&quot;:&quot;&quot;,&quot;right&quot;:&quot;&quot;,&quot;bottom&quot;:&quot;&quot;,&quot;left&quot;:&quot;&quot;,&quot;isLinked&quot;:true}}\" data-elementor-post-type=\"page\">\n\t\t\t\t\t\t<section class=\"elementor-section elementor-top-section elementor-element elementor-element-b4fa246 elementor-section-boxed elementor-section-height-default elementor-section-height-default\" data-id=\"b4fa246\" data-element_type=\"section\" data-e-type=\"section\" data-settings=\"{&quot;background_background&quot;:&quot;classic&quot;}\">\n\t\t\t\t\t\t\t<div class=\"elementor-background-overlay\"><\/div>\n\t\t\t\t\t\t\t<div class=\"elementor-container elementor-column-gap-no\">\n\t\t\t\t\t<div class=\"elementor-column elementor-col-50 elementor-top-column elementor-element elementor-element-76aeddf\" data-id=\"76aeddf\" data-element_type=\"column\" data-e-type=\"column\">\n\t\t\t<div class=\"elementor-widget-wrap elementor-element-populated\">\n\t\t\t\t\t\t<div class=\"elementor-element elementor-element-6d03615 elementor-widget elementor-widget-text-editor\" data-id=\"6d03615\" data-element_type=\"widget\" data-e-type=\"widget\" data-widget_type=\"text-editor.default\">\n\t\t\t\t<div class=\"elementor-widget-container\">\n\t\t\t\t\t\t\t\t\t<p>COLE\u00c7\u00c3O ESPECIALIDADES<\/p>\t\t\t\t\t\t\t\t<\/div>\n\t\t\t\t<\/div>\n\t\t\t\t<div class=\"elementor-element elementor-element-8298e73 elementor-widget elementor-widget-text-editor\" data-id=\"8298e73\" data-element_type=\"widget\" data-e-type=\"widget\" data-widget_type=\"text-editor.default\">\n\t\t\t\t<div class=\"elementor-widget-container\">\n\t\t\t\t\t\t\t\t\t<p>REVESTIMENTO COM NUANCES<\/p>\t\t\t\t\t\t\t\t<\/div>\n\t\t\t\t<\/div>\n\t\t\t\t\t<\/div>\n\t\t<\/div>\n\t\t\t\t<div class=\"elementor-column elementor-col-50 elementor-top-column elementor-element elementor-element-b91b22a elementor-hidden-mobile\" data-id=\"b91b22a\" data-element_type=\"column\" data-e-type=\"column\">\n\t\t\t<div class=\"elementor-widget-wrap\">\n\t\t\t\t\t\t\t<\/div>\n\t\t<\/div>\n\t\t\t\t\t<\/div>\n\t\t<\/section>\n\t\t<div class=\"elementor-element elementor-element-03319fe e-flex e-con-boxed e-con e-parent\" data-id=\"03319fe\" data-element_type=\"container\" data-e-type=\"container\">\n\t\t\t\t\t<div class=\"e-con-inner\">\n\t\t\t\t<div class=\"elementor-element elementor-element-2ea1754 elementor-widget__width-initial elementor-widget elementor-widget-text-editor\" data-id=\"2ea1754\" data-element_type=\"widget\" data-e-type=\"widget\" data-widget_type=\"text-editor.default\">\n\t\t\t\t<div class=\"elementor-widget-container\">\n\t\t\t\t\t\t\t\t\t<p>A <strong>cole\u00e7\u00e3o Especialidades<\/strong> oferece um revestimento decorativo com nuances perolizadas, proporcionando eleg\u00e2ncia e um brilho sutil aos seus ambientes. Este revestimento especial da <strong>cole\u00e7\u00e3o Especialidades<\/strong> adiciona um toque de sofistica\u00e7\u00e3o aos espa\u00e7os, gra\u00e7as \u00e0s suas nuances perolizadas que captam a luz de forma delicada, criando uma atmosfera de requinte e beleza.<\/p><p>Seja em paredes, m\u00f3veis ou outros elementos decorativos, os produtos desta cole\u00e7\u00e3o s\u00e3o capazes de transformar o ambiente, adicionando um brilho suave que complementa a decora\u00e7\u00e3o de forma elegante e distinta. Em resumo, a <strong>cole\u00e7\u00e3o Especialidades<\/strong> oferece uma gama de op\u00e7\u00f5es para quem busca criar ambientes refinados e cheios de estilo, onde o brilho sutil adiciona um toque de glamour sem ser excessivo.<\/p>\t\t\t\t\t\t\t\t<\/div>\n\t\t\t\t<\/div>\n\t\t\t\t\t<\/div>\n\t\t\t\t<\/div>\n\t\t<div class=\"elementor-element elementor-element-fe1b7ba elementor-hidden-tablet elementor-hidden-mobile e-flex e-con-boxed e-con e-parent\" data-id=\"fe1b7ba\" data-element_type=\"container\" data-e-type=\"container\">\n\t\t\t\t\t<div class=\"e-con-inner\">\n\t\t<div class=\"elementor-element elementor-element-ccdaf86 e-con-full e-flex e-con e-child\" data-id=\"ccdaf86\" data-element_type=\"container\" data-e-type=\"container\">\n\t\t\t\t<div class=\"elementor-element elementor-element-beeac51 bdt-custom-gallery-skin-fedara-style-center elementor-widget elementor-widget-bdt-post-gallery\" data-id=\"beeac51\" data-element_type=\"widget\" data-e-type=\"widget\" data-settings=\"{&quot;columns&quot;:&quot;5&quot;,&quot;columns_mobile&quot;:&quot;2&quot;,&quot;columns_tablet&quot;:&quot;2&quot;}\" data-widget_type=\"bdt-post-gallery.bdt-abetis\">\n\t\t\t\t<div class=\"elementor-widget-container\">\n\t\t\t\t\t\t\t<div class=\"bdt-post-gallery-wrapper\">\n\n\t\t\t\t\t\t<div id=\"bdt-post-gallerybeeac51\" class=\"bdt-post-gallery bdt-ep-grid-filter-container bdt-post-gallery-skin-abetis bdt-grid bdt-grid-medium\" data-bdt-grid=\"\" data-bdt-lightbox=\"toggle: .bdt-gallery-lightbox-item; animation:slide;\" data-settings=\"{&quot;id&quot;:&quot;#bdt-post-gallerybeeac51&quot;,&quot;tilt_show&quot;:false,&quot;tilt_scale&quot;:false}\">\n\n\t\t\t\t\t\t<div class=\"bdt-gallery-item bdt-transition-toggle bdt-width-1-2 bdt-width-1-2@s bdt-width-1-5@m\">\n\t\t\t<div >\n\t\t\t\t<div class=\"bdt-post-gallery-inner\">\n\t\t\t\t\t\t\t<div class=\"bdt-gallery-thumbnail\">\n\t\t\t<img fetchpriority=\"high\" decoding=\"async\" width=\"700\" height=\"1400\" src=\"https:\/\/pertech.com.br\/teste\/wp-content\/uploads\/2025\/02\/PP-2502-DUNE.jpg\" class=\"attachment-full size-full\" alt=\"PP 2502 &#8211; DUNE\" srcset=\"https:\/\/pertech.com.br\/teste\/wp-content\/uploads\/2025\/02\/PP-2502-DUNE.jpg 700w, https:\/\/pertech.com.br\/teste\/wp-content\/uploads\/2025\/02\/PP-2502-DUNE-150x300.jpg 150w, https:\/\/pertech.com.br\/teste\/wp-content\/uploads\/2025\/02\/PP-2502-DUNE-512x1024.jpg 512w\" sizes=\"(max-width: 700px) 100vw, 700px\" \/>\t\t<\/div>\n\t\t\t\t<div class=\"bdt-position-cover bdt-overlay bdt-overlay-default bdt-transition-fade\">\n\t\t\t<div class=\"bdt-post-gallery-content\">\n\t\t\t\t<div class=\"bdt-gallery-content-inner\">\n\t\t\t\t\t\t\t\t\t\t\t<div class=\"bdt-flex-inline bdt-gallery-item-link-wrapper\">\n\t\t\t\t\t\t\t\t\t\t\t\t\t\t\t<a class=\"bdt-gallery-item-link bdt-gallery-lightbox-item bdt-link-text\" data-elementor-open-lightbox=\"no\" data-caption=\"PP 2502 &#8211; DUNE\" href=\"https:\/\/pertech.com.br\/teste\/wp-content\/uploads\/2025\/02\/PP-2502-DUNE.jpg\">\n\t\t\t\t\t\t\t\t\t\t\t\t\t\t\t\t\t\t\t<span>\n\t\t\t\t\t\t\t\t\t\t\tAMPLIAR\t\t\t\t\t\t\t\t\t\t<\/span>\n\t\t\t\t\t\t\t\t\t\t\t\t\t\t\t\t\t<\/a>\n\t\t\t\t\t\t\t\n\t\t\t\t\t\t\t\t\t\t\t\t\t\t\t\t\t\t\t\t\t\t\t<a class=\"bdt-gallery-item-link bdt-link-text\"\n\t\t\t\t\t\t\t\t\thref=\"https:\/\/pertech.com.br\/teste\/cor-colecao\/pp-2502-dune\/\" target=&quot;_blank&quot;>\n\t\t\t\t\t\t\t\t\t\t\t\t\t\t\t\t\t\t\t<span>\n\t\t\t\t\t\t\t\t\t\t\tDETALHES\t\t\t\t\t\t\t\t\t\t<\/span>\n\t\t\t\t\t\t\t\t\t\t\t\t\t\t\t\t\t<\/a>\n\t\t\t\t\t\t\t\t\t\t\t\t\t<\/div>\n\t\t\t\t\t\t\t\t\t<\/div>\n\t\t\t<\/div>\n\t\t<\/div>\n\t\t\t\t\t\t<\/div>\n\t\t\t\t\t\t<div class=\"bdt-post-gallery-skin-abetis-desc bdt-padding-small\">\n\t\t\t\t\t<a class=\"bdt-post-gallery-title-link\" href=\"https:\/\/pertech.com.br\/teste\/cor-colecao\/pp-2502-dune\/\" target=&quot;_blank&quot;>\n\t\t\t<h4 class=\"bdt-gallery-item-title bdt-margin-remove\">\n\t\t\t\tPP 2502 &#8211; DUNE\t\t\t<\/h4>\n\t\t<\/a>\n\t\t\n\t\t<\/div>\n\t\t\t\t\t<\/div>\n\t\t<\/div>\n\n\t\t\t\t<div class=\"bdt-gallery-item bdt-transition-toggle bdt-width-1-2 bdt-width-1-2@s bdt-width-1-5@m\">\n\t\t\t<div >\n\t\t\t\t<div class=\"bdt-post-gallery-inner\">\n\t\t\t\t\t\t\t<div class=\"bdt-gallery-thumbnail bdt-gallery-thumbnail\">\n\t\t\t<img decoding=\"async\" width=\"700\" height=\"1400\" src=\"https:\/\/pertech.com.br\/teste\/wp-content\/uploads\/2025\/02\/PP-2503-SNOWFLAKE.jpg\" class=\"attachment-full size-full\" alt=\"PP 2503 &#8211; SNOWFLAKE\" srcset=\"https:\/\/pertech.com.br\/teste\/wp-content\/uploads\/2025\/02\/PP-2503-SNOWFLAKE.jpg 700w, https:\/\/pertech.com.br\/teste\/wp-content\/uploads\/2025\/02\/PP-2503-SNOWFLAKE-150x300.jpg 150w, https:\/\/pertech.com.br\/teste\/wp-content\/uploads\/2025\/02\/PP-2503-SNOWFLAKE-512x1024.jpg 512w\" sizes=\"(max-width: 700px) 100vw, 700px\" \/>\t\t<\/div>\n\t\t\t\t<div class=\"bdt-position-cover bdt-overlay bdt-overlay-default bdt-transition-fade\">\n\t\t\t<div class=\"bdt-post-gallery-content\">\n\t\t\t\t<div class=\"bdt-gallery-content-inner\">\n\t\t\t\t\t\t\t\t\t\t\t<div class=\"bdt-flex-inline bdt-gallery-item-link-wrapper\">\n\t\t\t\t\t\t\t\t\t\t\t\t\t\t\t<a class=\"bdt-gallery-item-link bdt-gallery-lightbox-item bdt-link-text\" data-elementor-open-lightbox=\"no\" data-caption=\"PP 2503 &#8211; SNOWFLAKE\" href=\"https:\/\/pertech.com.br\/teste\/wp-content\/uploads\/2025\/02\/PP-2503-SNOWFLAKE.jpg\">\n\t\t\t\t\t\t\t\t\t\t\t\t\t\t\t\t\t\t\t<span>\n\t\t\t\t\t\t\t\t\t\t\tAMPLIAR\t\t\t\t\t\t\t\t\t\t<\/span>\n\t\t\t\t\t\t\t\t\t\t\t\t\t\t\t\t\t<\/a>\n\t\t\t\t\t\t\t\n\t\t\t\t\t\t\t\t\t\t\t\t\t\t\t\t\t\t\t\t\t\t\t<a class=\"bdt-gallery-item-link bdt-link-text\"\n\t\t\t\t\t\t\t\t\thref=\"https:\/\/pertech.com.br\/teste\/cor-colecao\/pp-2503-snowflake\/\" target=&quot;_blank&quot;>\n\t\t\t\t\t\t\t\t\t\t\t\t\t\t\t\t\t\t\t<span>\n\t\t\t\t\t\t\t\t\t\t\tDETALHES\t\t\t\t\t\t\t\t\t\t<\/span>\n\t\t\t\t\t\t\t\t\t\t\t\t\t\t\t\t\t<\/a>\n\t\t\t\t\t\t\t\t\t\t\t\t\t<\/div>\n\t\t\t\t\t\t\t\t\t<\/div>\n\t\t\t<\/div>\n\t\t<\/div>\n\t\t\t\t\t\t<\/div>\n\t\t\t\t\t\t<div class=\"bdt-post-gallery-skin-abetis-desc bdt-padding-small\">\n\t\t\t\t\t<a class=\"bdt-post-gallery-title-link\" href=\"https:\/\/pertech.com.br\/teste\/cor-colecao\/pp-2503-snowflake\/\" target=&quot;_blank&quot;>\n\t\t\t<h4 class=\"bdt-gallery-item-title bdt-margin-remove\">\n\t\t\t\tPP 2503 &#8211; SNOWFLAKE\t\t\t<\/h4>\n\t\t<\/a>\n\t\t\n\t\t<\/div>\n\t\t\t\t\t<\/div>\n\t\t<\/div>\n\n\t\t\n\t\t\t<\/div>\n\t\t<\/div>\n\t\t\t\t\t\t<\/div>\n\t\t\t\t<\/div>\n\t\t\t\t<\/div>\n\t\t\t\t\t<\/div>\n\t\t\t\t<\/div>\n\t\t<div class=\"elementor-element elementor-element-bffe2ce elementor-hidden-desktop e-flex e-con-boxed e-con e-parent\" data-id=\"bffe2ce\" data-element_type=\"container\" data-e-type=\"container\">\n\t\t\t\t\t<div class=\"e-con-inner\">\n\t\t<div class=\"elementor-element elementor-element-d9af5e4 e-con-full e-flex e-con e-child\" data-id=\"d9af5e4\" data-element_type=\"container\" data-e-type=\"container\">\n\t\t\t\t<div class=\"elementor-element elementor-element-e7c56d0 bdt-custom-gallery-skin-fedara-style-center elementor-widget elementor-widget-bdt-post-gallery\" data-id=\"e7c56d0\" data-element_type=\"widget\" data-e-type=\"widget\" data-settings=\"{&quot;columns&quot;:&quot;5&quot;,&quot;columns_mobile&quot;:&quot;2&quot;,&quot;columns_tablet&quot;:&quot;2&quot;}\" data-widget_type=\"bdt-post-gallery.bdt-abetis\">\n\t\t\t\t<div class=\"elementor-widget-container\">\n\t\t\t\t\t\t\t<div class=\"bdt-post-gallery-wrapper\">\n\n\t\t\t\t\t\t<div id=\"bdt-post-gallerye7c56d0\" class=\"bdt-post-gallery bdt-ep-grid-filter-container bdt-post-gallery-skin-abetis bdt-grid bdt-grid-medium\" data-bdt-grid=\"\" data-bdt-lightbox=\"toggle: .bdt-gallery-lightbox-item; animation:slide;\" data-settings=\"{&quot;id&quot;:&quot;#bdt-post-gallerye7c56d0&quot;,&quot;tilt_show&quot;:false,&quot;tilt_scale&quot;:false}\">\n\n\t\t\t\t\t\t<div class=\"bdt-gallery-item bdt-transition-toggle bdt-width-1-2 bdt-width-1-2@s bdt-width-1-5@m\">\n\t\t\t<div >\n\t\t\t\t<div class=\"bdt-post-gallery-inner\">\n\t\t\t\t\t\t\t<div class=\"bdt-gallery-thumbnail\">\n\t\t\t<img fetchpriority=\"high\" decoding=\"async\" width=\"700\" height=\"1400\" src=\"https:\/\/pertech.com.br\/teste\/wp-content\/uploads\/2025\/02\/PP-2502-DUNE.jpg\" class=\"attachment-full size-full\" alt=\"PP 2502 &#8211; DUNE\" srcset=\"https:\/\/pertech.com.br\/teste\/wp-content\/uploads\/2025\/02\/PP-2502-DUNE.jpg 700w, https:\/\/pertech.com.br\/teste\/wp-content\/uploads\/2025\/02\/PP-2502-DUNE-150x300.jpg 150w, https:\/\/pertech.com.br\/teste\/wp-content\/uploads\/2025\/02\/PP-2502-DUNE-512x1024.jpg 512w\" sizes=\"(max-width: 700px) 100vw, 700px\" \/>\t\t<\/div>\n\t\t\t\t<div class=\"bdt-position-cover bdt-overlay bdt-overlay-default bdt-transition-fade\">\n\t\t\t<div class=\"bdt-post-gallery-content\">\n\t\t\t\t<div class=\"bdt-gallery-content-inner\">\n\t\t\t\t\t\t\t\t\t\t\t<div class=\"bdt-flex-inline bdt-gallery-item-link-wrapper\">\n\t\t\t\t\t\t\t\t\t\t\t\t\t\t\t<a class=\"bdt-gallery-item-link bdt-gallery-lightbox-item bdt-link-icon\" data-elementor-open-lightbox=\"no\" data-caption=\"PP 2502 &#8211; DUNE\" href=\"https:\/\/pertech.com.br\/teste\/wp-content\/uploads\/2025\/02\/PP-2502-DUNE.jpg\">\n\t\t\t\t\t\t\t\t\t\t\t\t\t\t\t\t\t\t\t<i class=\"ep-icon-search\" aria-hidden=\"true\"><\/i>\n\t\t\t\t\t\t\t\t\t\t\t\t\t\t\t\t\t\t<\/a>\n\t\t\t\t\t\t\t\n\t\t\t\t\t\t\t\t\t\t\t\t\t\t\t\t\t\t\t\t\t\t\t<a class=\"bdt-gallery-item-link bdt-link-icon\"\n\t\t\t\t\t\t\t\t\thref=\"https:\/\/pertech.com.br\/teste\/cor-colecao\/pp-2502-dune\/\" target=&quot;_blank&quot;>\n\t\t\t\t\t\t\t\t\t\t\t\t\t\t\t\t\t\t\t<i class=\"ep-icon-link\" aria-hidden=\"true\"><\/i>\n\t\t\t\t\t\t\t\t\t\t\t\t\t\t\t\t\t\t<\/a>\n\t\t\t\t\t\t\t\t\t\t\t\t\t<\/div>\n\t\t\t\t\t\t\t\t\t<\/div>\n\t\t\t<\/div>\n\t\t<\/div>\n\t\t\t\t\t\t<\/div>\n\t\t\t\t\t\t<div class=\"bdt-post-gallery-skin-abetis-desc bdt-padding-small\">\n\t\t\t\t\t<a class=\"bdt-post-gallery-title-link\" href=\"https:\/\/pertech.com.br\/teste\/cor-colecao\/pp-2502-dune\/\" target=&quot;_blank&quot;>\n\t\t\t<h4 class=\"bdt-gallery-item-title bdt-margin-remove\">\n\t\t\t\tPP 2502 &#8211; DUNE\t\t\t<\/h4>\n\t\t<\/a>\n\t\t\n\t\t<\/div>\n\t\t\t\t\t<\/div>\n\t\t<\/div>\n\n\t\t\t\t<div class=\"bdt-gallery-item bdt-transition-toggle bdt-width-1-2 bdt-width-1-2@s bdt-width-1-5@m\">\n\t\t\t<div >\n\t\t\t\t<div class=\"bdt-post-gallery-inner\">\n\t\t\t\t\t\t\t<div class=\"bdt-gallery-thumbnail bdt-gallery-thumbnail\">\n\t\t\t<img decoding=\"async\" width=\"700\" height=\"1400\" src=\"https:\/\/pertech.com.br\/teste\/wp-content\/uploads\/2025\/02\/PP-2503-SNOWFLAKE.jpg\" class=\"attachment-full size-full\" alt=\"PP 2503 &#8211; SNOWFLAKE\" srcset=\"https:\/\/pertech.com.br\/teste\/wp-content\/uploads\/2025\/02\/PP-2503-SNOWFLAKE.jpg 700w, https:\/\/pertech.com.br\/teste\/wp-content\/uploads\/2025\/02\/PP-2503-SNOWFLAKE-150x300.jpg 150w, https:\/\/pertech.com.br\/teste\/wp-content\/uploads\/2025\/02\/PP-2503-SNOWFLAKE-512x1024.jpg 512w\" sizes=\"(max-width: 700px) 100vw, 700px\" \/>\t\t<\/div>\n\t\t\t\t<div class=\"bdt-position-cover bdt-overlay bdt-overlay-default bdt-transition-fade\">\n\t\t\t<div class=\"bdt-post-gallery-content\">\n\t\t\t\t<div class=\"bdt-gallery-content-inner\">\n\t\t\t\t\t\t\t\t\t\t\t<div class=\"bdt-flex-inline bdt-gallery-item-link-wrapper\">\n\t\t\t\t\t\t\t\t\t\t\t\t\t\t\t<a class=\"bdt-gallery-item-link bdt-gallery-lightbox-item bdt-link-icon\" data-elementor-open-lightbox=\"no\" data-caption=\"PP 2503 &#8211; SNOWFLAKE\" href=\"https:\/\/pertech.com.br\/teste\/wp-content\/uploads\/2025\/02\/PP-2503-SNOWFLAKE.jpg\">\n\t\t\t\t\t\t\t\t\t\t\t\t\t\t\t\t\t\t\t<i class=\"ep-icon-search\" aria-hidden=\"true\"><\/i>\n\t\t\t\t\t\t\t\t\t\t\t\t\t\t\t\t\t\t<\/a>\n\t\t\t\t\t\t\t\n\t\t\t\t\t\t\t\t\t\t\t\t\t\t\t\t\t\t\t\t\t\t\t<a class=\"bdt-gallery-item-link bdt-link-icon\"\n\t\t\t\t\t\t\t\t\thref=\"https:\/\/pertech.com.br\/teste\/cor-colecao\/pp-2503-snowflake\/\" target=&quot;_blank&quot;>\n\t\t\t\t\t\t\t\t\t\t\t\t\t\t\t\t\t\t\t<i class=\"ep-icon-link\" aria-hidden=\"true\"><\/i>\n\t\t\t\t\t\t\t\t\t\t\t\t\t\t\t\t\t\t<\/a>\n\t\t\t\t\t\t\t\t\t\t\t\t\t<\/div>\n\t\t\t\t\t\t\t\t\t<\/div>\n\t\t\t<\/div>\n\t\t<\/div>\n\t\t\t\t\t\t<\/div>\n\t\t\t\t\t\t<div class=\"bdt-post-gallery-skin-abetis-desc bdt-padding-small\">\n\t\t\t\t\t<a class=\"bdt-post-gallery-title-link\" href=\"https:\/\/pertech.com.br\/teste\/cor-colecao\/pp-2503-snowflake\/\" target=&quot;_blank&quot;>\n\t\t\t<h4 class=\"bdt-gallery-item-title bdt-margin-remove\">\n\t\t\t\tPP 2503 &#8211; SNOWFLAKE\t\t\t<\/h4>\n\t\t<\/a>\n\t\t\n\t\t<\/div>\n\t\t\t\t\t<\/div>\n\t\t<\/div>\n\n\t\t\n\t\t\t<\/div>\n\t\t<\/div>\n\t\t\t\t\t\t<\/div>\n\t\t\t\t<\/div>\n\t\t\t\t<\/div>\n\t\t\t\t\t<\/div>\n\t\t\t\t<\/div>\n\t\t\t\t<\/div>\n\t\t","protected":false},"excerpt":{"rendered":"<p>COLE\u00c7\u00c3O ESPECIALIDADES REVESTIMENTO COM NUANCES A cole\u00e7\u00e3o Especialidades oferece um revestimento decorativo com nuances perolizadas, proporcionando eleg\u00e2ncia e um brilho sutil aos seus ambientes. Este revestimento especial da cole\u00e7\u00e3o Especialidades adiciona um toque de sofistica\u00e7\u00e3o aos espa\u00e7os, gra\u00e7as \u00e0s suas nuances perolizadas que captam a luz de forma delicada, criando uma atmosfera de requinte e [&hellip;]<\/p>\n","protected":false},"author":6,"featured_media":0,"parent":0,"menu_order":0,"comment_status":"closed","ping_status":"closed","template":"elementor_header_footer","meta":{"_acf_changed":false,"footnotes":""},"class_list":["post-14517","page","type-page","status-publish","hentry"],"acf":[],"yoast_head":"<!-- This site is optimized with the Yoast SEO Premium plugin v26.0 (Yoast SEO v26.9) - https:\/\/yoast.com\/product\/yoast-seo-premium-wordpress\/ -->\n<title>COLE\u00c7\u00c3O ESPECIALIDADES - Pertech<\/title>\n<meta name=\"robots\" content=\"index, follow, max-snippet:-1, max-image-preview:large, max-video-preview:-1\" \/>\n<link rel=\"canonical\" href=\"https:\/\/pertech.com.br\/teste\/colecao-especialidades\/\" \/>\n<meta property=\"og:locale\" content=\"pt_BR\" \/>\n<meta property=\"og:type\" content=\"article\" \/>\n<meta property=\"og:title\" content=\"COLE\u00c7\u00c3O ESPECIALIDADES\" \/>\n<meta property=\"og:description\" content=\"COLE\u00c7\u00c3O ESPECIALIDADES REVESTIMENTO COM NUANCES A cole\u00e7\u00e3o Especialidades oferece um revestimento decorativo com nuances perolizadas, proporcionando eleg\u00e2ncia e um brilho sutil aos seus ambientes. Este revestimento especial da cole\u00e7\u00e3o Especialidades adiciona um toque de sofistica\u00e7\u00e3o aos espa\u00e7os, gra\u00e7as \u00e0s suas nuances perolizadas que captam a luz de forma delicada, criando uma atmosfera de requinte e [&hellip;]\" \/>\n<meta property=\"og:url\" content=\"https:\/\/pertech.com.br\/teste\/colecao-especialidades\/\" \/>\n<meta property=\"og:site_name\" content=\"Pertech\" \/>\n<meta property=\"article:modified_time\" content=\"2025-05-13T14:35:47+00:00\" \/>\n<meta property=\"og:image\" content=\"https:\/\/pertech.com.br\/teste\/wp-content\/uploads\/2025\/02\/PP-2502-DUNE.jpg\" \/>\n<meta name=\"twitter:card\" content=\"summary_large_image\" \/>\n<meta name=\"twitter:label1\" content=\"Est. tempo de leitura\" \/>\n\t<meta name=\"twitter:data1\" content=\"1 minuto\" \/>\n<script type=\"application\/ld+json\" class=\"yoast-schema-graph\">{\"@context\":\"https:\/\/schema.org\",\"@graph\":[{\"@type\":\"WebPage\",\"@id\":\"https:\/\/pertech.com.br\/teste\/colecao-especialidades\/\",\"url\":\"https:\/\/pertech.com.br\/teste\/colecao-especialidades\/\",\"name\":\"COLE\u00c7\u00c3O ESPECIALIDADES - Pertech\",\"isPartOf\":{\"@id\":\"https:\/\/pertech.com.br\/teste\/#website\"},\"primaryImageOfPage\":{\"@id\":\"https:\/\/pertech.com.br\/teste\/colecao-especialidades\/#primaryimage\"},\"image\":{\"@id\":\"https:\/\/pertech.com.br\/teste\/colecao-especialidades\/#primaryimage\"},\"thumbnailUrl\":\"https:\/\/pertech.com.br\/teste\/wp-content\/uploads\/2025\/02\/PP-2502-DUNE.jpg\",\"datePublished\":\"2024-02-28T18:52:57+00:00\",\"dateModified\":\"2025-05-13T14:35:47+00:00\",\"breadcrumb\":{\"@id\":\"https:\/\/pertech.com.br\/teste\/colecao-especialidades\/#breadcrumb\"},\"inLanguage\":\"pt-BR\",\"potentialAction\":[{\"@type\":\"ReadAction\",\"target\":[\"https:\/\/pertech.com.br\/teste\/colecao-especialidades\/\"]}]},{\"@type\":\"ImageObject\",\"inLanguage\":\"pt-BR\",\"@id\":\"https:\/\/pertech.com.br\/teste\/colecao-especialidades\/#primaryimage\",\"url\":\"https:\/\/pertech.com.br\/teste\/wp-content\/uploads\/2025\/02\/PP-2502-DUNE.jpg\",\"contentUrl\":\"https:\/\/pertech.com.br\/teste\/wp-content\/uploads\/2025\/02\/PP-2502-DUNE.jpg\"},{\"@type\":\"BreadcrumbList\",\"@id\":\"https:\/\/pertech.com.br\/teste\/colecao-especialidades\/#breadcrumb\",\"itemListElement\":[{\"@type\":\"ListItem\",\"position\":1,\"name\":\"In\u00edcio\",\"item\":\"https:\/\/pertech.com.br\/teste\/\"},{\"@type\":\"ListItem\",\"position\":2,\"name\":\"COLE\u00c7\u00c3O ESPECIALIDADES\"}]},{\"@type\":\"WebSite\",\"@id\":\"https:\/\/pertech.com.br\/teste\/#website\",\"url\":\"https:\/\/pertech.com.br\/teste\/\",\"name\":\"Pertech\",\"description\":\"\",\"potentialAction\":[{\"@type\":\"SearchAction\",\"target\":{\"@type\":\"EntryPoint\",\"urlTemplate\":\"https:\/\/pertech.com.br\/teste\/?s={search_term_string}\"},\"query-input\":{\"@type\":\"PropertyValueSpecification\",\"valueRequired\":true,\"valueName\":\"search_term_string\"}}],\"inLanguage\":\"pt-BR\"}]}<\/script>\n<!-- \/ Yoast SEO Premium plugin. -->","yoast_head_json":{"title":"COLE\u00c7\u00c3O ESPECIALIDADES - Pertech","robots":{"index":"index","follow":"follow","max-snippet":"max-snippet:-1","max-image-preview":"max-image-preview:large","max-video-preview":"max-video-preview:-1"},"canonical":"https:\/\/pertech.com.br\/teste\/colecao-especialidades\/","og_locale":"pt_BR","og_type":"article","og_title":"COLE\u00c7\u00c3O ESPECIALIDADES","og_description":"COLE\u00c7\u00c3O ESPECIALIDADES REVESTIMENTO COM NUANCES A cole\u00e7\u00e3o Especialidades oferece um revestimento decorativo com nuances perolizadas, proporcionando eleg\u00e2ncia e um brilho sutil aos seus ambientes. Este revestimento especial da cole\u00e7\u00e3o Especialidades adiciona um toque de sofistica\u00e7\u00e3o aos espa\u00e7os, gra\u00e7as \u00e0s suas nuances perolizadas que captam a luz de forma delicada, criando uma atmosfera de requinte e [&hellip;]","og_url":"https:\/\/pertech.com.br\/teste\/colecao-especialidades\/","og_site_name":"Pertech","article_modified_time":"2025-05-13T14:35:47+00:00","og_image":[{"url":"https:\/\/pertech.com.br\/teste\/wp-content\/uploads\/2025\/02\/PP-2502-DUNE.jpg","type":"","width":"","height":""}],"twitter_card":"summary_large_image","twitter_misc":{"Est. tempo de leitura":"1 minuto"},"schema":{"@context":"https:\/\/schema.org","@graph":[{"@type":"WebPage","@id":"https:\/\/pertech.com.br\/teste\/colecao-especialidades\/","url":"https:\/\/pertech.com.br\/teste\/colecao-especialidades\/","name":"COLE\u00c7\u00c3O ESPECIALIDADES - Pertech","isPartOf":{"@id":"https:\/\/pertech.com.br\/teste\/#website"},"primaryImageOfPage":{"@id":"https:\/\/pertech.com.br\/teste\/colecao-especialidades\/#primaryimage"},"image":{"@id":"https:\/\/pertech.com.br\/teste\/colecao-especialidades\/#primaryimage"},"thumbnailUrl":"https:\/\/pertech.com.br\/teste\/wp-content\/uploads\/2025\/02\/PP-2502-DUNE.jpg","datePublished":"2024-02-28T18:52:57+00:00","dateModified":"2025-05-13T14:35:47+00:00","breadcrumb":{"@id":"https:\/\/pertech.com.br\/teste\/colecao-especialidades\/#breadcrumb"},"inLanguage":"pt-BR","potentialAction":[{"@type":"ReadAction","target":["https:\/\/pertech.com.br\/teste\/colecao-especialidades\/"]}]},{"@type":"ImageObject","inLanguage":"pt-BR","@id":"https:\/\/pertech.com.br\/teste\/colecao-especialidades\/#primaryimage","url":"https:\/\/pertech.com.br\/teste\/wp-content\/uploads\/2025\/02\/PP-2502-DUNE.jpg","contentUrl":"https:\/\/pertech.com.br\/teste\/wp-content\/uploads\/2025\/02\/PP-2502-DUNE.jpg"},{"@type":"BreadcrumbList","@id":"https:\/\/pertech.com.br\/teste\/colecao-especialidades\/#breadcrumb","itemListElement":[{"@type":"ListItem","position":1,"name":"In\u00edcio","item":"https:\/\/pertech.com.br\/teste\/"},{"@type":"ListItem","position":2,"name":"COLE\u00c7\u00c3O ESPECIALIDADES"}]},{"@type":"WebSite","@id":"https:\/\/pertech.com.br\/teste\/#website","url":"https:\/\/pertech.com.br\/teste\/","name":"Pertech","description":"","potentialAction":[{"@type":"SearchAction","target":{"@type":"EntryPoint","urlTemplate":"https:\/\/pertech.com.br\/teste\/?s={search_term_string}"},"query-input":{"@type":"PropertyValueSpecification","valueRequired":true,"valueName":"search_term_string"}}],"inLanguage":"pt-BR"}]}},"_links":{"self":[{"href":"https:\/\/pertech.com.br\/teste\/wp-json\/wp\/v2\/pages\/14517","targetHints":{"allow":["GET"]}}],"collection":[{"href":"https:\/\/pertech.com.br\/teste\/wp-json\/wp\/v2\/pages"}],"about":[{"href":"https:\/\/pertech.com.br\/teste\/wp-json\/wp\/v2\/types\/page"}],"author":[{"embeddable":true,"href":"https:\/\/pertech.com.br\/teste\/wp-json\/wp\/v2\/users\/6"}],"replies":[{"embeddable":true,"href":"https:\/\/pertech.com.br\/teste\/wp-json\/wp\/v2\/comments?post=14517"}],"version-history":[{"count":0,"href":"https:\/\/pertech.com.br\/teste\/wp-json\/wp\/v2\/pages\/14517\/revisions"}],"wp:attachment":[{"href":"https:\/\/pertech.com.br\/teste\/wp-json\/wp\/v2\/media?parent=14517"}],"curies":[{"name":"wp","href":"https:\/\/api.w.org\/{rel}","templated":true}]}}