{"id":16759,"date":"2024-04-15T13:51:26","date_gmt":"2024-04-15T13:51:26","guid":{"rendered":"https:\/\/pertech.com.br\/teste\/?page_id=16759"},"modified":"2024-04-15T14:35:39","modified_gmt":"2024-04-15T14:35:39","slug":"privacidade","status":"publish","type":"page","link":"https:\/\/pertech.com.br\/teste\/privacidade\/","title":{"rendered":"Pol\u00edtica de privacidade"},"content":{"rendered":"\t\t<div data-elementor-type=\"wp-page\" data-elementor-id=\"16759\" class=\"elementor elementor-16759\" data-elementor-settings=\"{&quot;element_pack_global_tooltip_width&quot;:{&quot;unit&quot;:&quot;px&quot;,&quot;size&quot;:&quot;&quot;,&quot;sizes&quot;:[]},&quot;element_pack_global_tooltip_width_tablet&quot;:{&quot;unit&quot;:&quot;px&quot;,&quot;size&quot;:&quot;&quot;,&quot;sizes&quot;:[]},&quot;element_pack_global_tooltip_width_mobile&quot;:{&quot;unit&quot;:&quot;px&quot;,&quot;size&quot;:&quot;&quot;,&quot;sizes&quot;:[]},&quot;element_pack_global_tooltip_padding&quot;:{&quot;unit&quot;:&quot;px&quot;,&quot;top&quot;:&quot;&quot;,&quot;right&quot;:&quot;&quot;,&quot;bottom&quot;:&quot;&quot;,&quot;left&quot;:&quot;&quot;,&quot;isLinked&quot;:true},&quot;element_pack_global_tooltip_padding_tablet&quot;:{&quot;unit&quot;:&quot;px&quot;,&quot;top&quot;:&quot;&quot;,&quot;right&quot;:&quot;&quot;,&quot;bottom&quot;:&quot;&quot;,&quot;left&quot;:&quot;&quot;,&quot;isLinked&quot;:true},&quot;element_pack_global_tooltip_padding_mobile&quot;:{&quot;unit&quot;:&quot;px&quot;,&quot;top&quot;:&quot;&quot;,&quot;right&quot;:&quot;&quot;,&quot;bottom&quot;:&quot;&quot;,&quot;left&quot;:&quot;&quot;,&quot;isLinked&quot;:true},&quot;element_pack_global_tooltip_border_radius&quot;:{&quot;unit&quot;:&quot;px&quot;,&quot;top&quot;:&quot;&quot;,&quot;right&quot;:&quot;&quot;,&quot;bottom&quot;:&quot;&quot;,&quot;left&quot;:&quot;&quot;,&quot;isLinked&quot;:true},&quot;element_pack_global_tooltip_border_radius_tablet&quot;:{&quot;unit&quot;:&quot;px&quot;,&quot;top&quot;:&quot;&quot;,&quot;right&quot;:&quot;&quot;,&quot;bottom&quot;:&quot;&quot;,&quot;left&quot;:&quot;&quot;,&quot;isLinked&quot;:true},&quot;element_pack_global_tooltip_border_radius_mobile&quot;:{&quot;unit&quot;:&quot;px&quot;,&quot;top&quot;:&quot;&quot;,&quot;right&quot;:&quot;&quot;,&quot;bottom&quot;:&quot;&quot;,&quot;left&quot;:&quot;&quot;,&quot;isLinked&quot;:true}}\" data-elementor-post-type=\"page\">\n\t\t\t\t\t\t<section class=\"elementor-section elementor-top-section elementor-element elementor-element-368702f elementor-section-boxed elementor-section-height-default elementor-section-height-default\" data-id=\"368702f\" data-element_type=\"section\" data-e-type=\"section\">\n\t\t\t\t\t\t<div class=\"elementor-container elementor-column-gap-default\">\n\t\t\t\t\t<div class=\"elementor-column elementor-col-100 elementor-top-column elementor-element elementor-element-50783f5\" data-id=\"50783f5\" data-element_type=\"column\" data-e-type=\"column\">\n\t\t\t<div class=\"elementor-widget-wrap elementor-element-populated\">\n\t\t\t\t\t\t<div class=\"elementor-element elementor-element-6444025 elementor-widget elementor-widget-text-editor\" data-id=\"6444025\" data-element_type=\"widget\" data-e-type=\"widget\" data-widget_type=\"text-editor.default\">\n\t\t\t\t<div class=\"elementor-widget-container\">\n\t\t\t\t\t\t\t\t\t<p>POL\u00cdTICA DE PRIVACIDADE<\/p>\t\t\t\t\t\t\t\t<\/div>\n\t\t\t\t<\/div>\n\t\t\t\t<div class=\"elementor-element elementor-element-ec677ed elementor-widget elementor-widget-text-editor\" data-id=\"ec677ed\" data-element_type=\"widget\" data-e-type=\"widget\" data-widget_type=\"text-editor.default\">\n\t\t\t\t<div class=\"elementor-widget-container\">\n\t\t\t\t\t\t\t\t\t<p>COLETA DE DADOS<\/p>\t\t\t\t\t\t\t\t<\/div>\n\t\t\t\t<\/div>\n\t\t\t\t<div class=\"elementor-element elementor-element-6458e34 elementor-widget elementor-widget-text-editor\" data-id=\"6458e34\" data-element_type=\"widget\" data-e-type=\"widget\" data-widget_type=\"text-editor.default\">\n\t\t\t\t<div class=\"elementor-widget-container\">\n\t\t\t\t\t\t\t\t\t<p>Nossas Pol\u00edticas Corporativas t\u00eam por base nossa Miss\u00e3o, Vis\u00e3o e Valores e, tem como foco primordial satisfazer nossos Clientes.<\/p><p>Diante dessa premissa, esta Pol\u00edtica de Privacidade visa estruturar um sistema normativo e de pr\u00e1ticas para garantir a privacidade dos Dados Pessoais dos Clientes Pertech em atendimento a Lei Geral de Prote\u00e7\u00e3o de Dados (Lei 13.709\/2020), coletados atrav\u00e9s de nosso site\u00a0www.pertech.com.br.<\/p><p>Aqui detalhamos os Dados que coletamos, quanto tempo os mantemos, como os usamos e compartilhamos, como gerenciamos os Direitos do Cliente com rela\u00e7\u00e3o aos nossos sites, produtos e eventuais servi\u00e7os relacionados.<\/p><p>Para fins de atendimento a Lei Geral de Prote\u00e7\u00e3o de Dados, apenas os Dados de pessoa natural (Dados Pessoais) s\u00e3o objeto da prote\u00e7\u00e3o almejada nesta Pol\u00edtica.<\/p><p>Quando voc\u00ea compra algum produto na nossa loja, como parte do processo de compra e venda, coletamos as informa\u00e7\u00f5es pessoais que voc\u00ea nos fornece, tais como seu nome, endere\u00e7o, sexo, data de nascimento e e-mail.<\/p><p>Informa\u00e7\u00f5es de navega\u00e7\u00e3o no site \u2013 Quando voc\u00ea visita nosso site, \u00e9 inserido um \u2018cookie\u2019 no seu navegador por meio do software Google Analytics, para identificar quantas vezes voc\u00ea retorna ao nosso endere\u00e7o. S\u00e3o coletadas, anonimamente, informa\u00e7\u00f5es, como endere\u00e7o IP, localiza\u00e7\u00e3o geogr\u00e1fica, fonte de refer\u00eancia, tipo de navegador, dura\u00e7\u00e3o da visita e p\u00e1ginas visitadas.<\/p><p>Marketing por e-mail (quando aplic\u00e1vel): Com sua permiss\u00e3o, podemos lhe enviar e-mails sobre nossa loja, novos produtos e outras atualiza\u00e7\u00f5es.<\/p><p>\u00a0<\/p>\t\t\t\t\t\t\t\t<\/div>\n\t\t\t\t<\/div>\n\t\t\t\t<div class=\"elementor-element elementor-element-b089f71 elementor-widget elementor-widget-text-editor\" data-id=\"b089f71\" data-element_type=\"widget\" data-e-type=\"widget\" data-widget_type=\"text-editor.default\">\n\t\t\t\t<div class=\"elementor-widget-container\">\n\t\t\t\t\t\t\t\t\t<p>CONSETIMENTO<\/p>\t\t\t\t\t\t\t\t<\/div>\n\t\t\t\t<\/div>\n\t\t\t\t<div class=\"elementor-element elementor-element-648eca8 elementor-widget elementor-widget-text-editor\" data-id=\"648eca8\" data-element_type=\"widget\" data-e-type=\"widget\" data-widget_type=\"text-editor.default\">\n\t\t\t\t<div class=\"elementor-widget-container\">\n\t\t\t\t\t\t\t\t\t<p>Quando voc\u00ea nos fornece as suas informa\u00e7\u00f5es pessoais para completar uma transa\u00e7\u00e3o, verificar seu cart\u00e3o de cr\u00e9dito, fazer um pedido, providenciar uma entrega ou retornar uma compra, voc\u00ea est\u00e1 concordando com a nossa coleta e uso de informa\u00e7\u00f5es pessoais apenas para esses fins espec\u00edficos.<\/p><p>Se pedirmos suas informa\u00e7\u00f5es pessoais por uma raz\u00e3o secund\u00e1ria, como marketing, vamos pedir seu consentimento, ou te dar a oportunidade de dizer n\u00e3o.<\/p>\t\t\t\t\t\t\t\t<\/div>\n\t\t\t\t<\/div>\n\t\t\t\t<div class=\"elementor-element elementor-element-85fbee9 elementor-widget elementor-widget-text-editor\" data-id=\"85fbee9\" data-element_type=\"widget\" data-e-type=\"widget\" data-widget_type=\"text-editor.default\">\n\t\t\t\t<div class=\"elementor-widget-container\">\n\t\t\t\t\t\t\t\t\t<p>COMO POSSO RETIRAR MEU CONSETIMENTO?<\/p>\t\t\t\t\t\t\t\t<\/div>\n\t\t\t\t<\/div>\n\t\t\t\t<div class=\"elementor-element elementor-element-166bb29 elementor-widget elementor-widget-text-editor\" data-id=\"166bb29\" data-element_type=\"widget\" data-e-type=\"widget\" data-widget_type=\"text-editor.default\">\n\t\t\t\t<div class=\"elementor-widget-container\">\n\t\t\t\t\t\t\t\t\t<p>Caso depois de fornecer seus dados voc\u00ea mude de ideia, voc\u00ea pode retirar o seu consentimento quando quiser e assim evitar que entremos em contato para obter ou divulgar informa\u00e7\u00f5es. Entre em contato conosco atrav\u00e9s da nossa Central de Atendimento. Em caso de recebimento de e-mail marketing, \u00e9 s\u00f3 clicar em um link no fim da publica\u00e7\u00e3o informando que n\u00e3o quer receber mais contatos da Pertech do Brasil.<\/p>\t\t\t\t\t\t\t\t<\/div>\n\t\t\t\t<\/div>\n\t\t\t\t<div class=\"elementor-element elementor-element-36f8b91 elementor-widget elementor-widget-text-editor\" data-id=\"36f8b91\" data-element_type=\"widget\" data-e-type=\"widget\" data-widget_type=\"text-editor.default\">\n\t\t\t\t<div class=\"elementor-widget-container\">\n\t\t\t\t\t\t\t\t\t<p>DIVULGA\u00c7\u00c3O<\/p>\t\t\t\t\t\t\t\t<\/div>\n\t\t\t\t<\/div>\n\t\t\t\t<div class=\"elementor-element elementor-element-3817a07 elementor-widget elementor-widget-text-editor\" data-id=\"3817a07\" data-element_type=\"widget\" data-e-type=\"widget\" data-widget_type=\"text-editor.default\">\n\t\t\t\t<div class=\"elementor-widget-container\">\n\t\t\t\t\t\t\t\t\t<p>Podemos divulgar suas informa\u00e7\u00f5es pessoais se formos obrigados por lei a faz\u00ea-lo ou se voc\u00ea violar nossos Termos de servi\u00e7o.<\/p>\t\t\t\t\t\t\t\t<\/div>\n\t\t\t\t<\/div>\n\t\t\t\t<div class=\"elementor-element elementor-element-fe3e0ce elementor-widget elementor-widget-text-editor\" data-id=\"fe3e0ce\" data-element_type=\"widget\" data-e-type=\"widget\" data-widget_type=\"text-editor.default\">\n\t\t\t\t<div class=\"elementor-widget-container\">\n\t\t\t\t\t\t\t\t\t<p>SERVI\u00c7OS DE TERCEIROS<\/p>\t\t\t\t\t\t\t\t<\/div>\n\t\t\t\t<\/div>\n\t\t\t\t<div class=\"elementor-element elementor-element-a528b9a elementor-widget elementor-widget-text-editor\" data-id=\"a528b9a\" data-element_type=\"widget\" data-e-type=\"widget\" data-widget_type=\"text-editor.default\">\n\t\t\t\t<div class=\"elementor-widget-container\">\n\t\t\t\t\t\t\t\t\t<p>Entretanto, certos prestadores de servi\u00e7os terceirizados, tais como gateways de pagamento e outros processadores de transa\u00e7\u00f5es de pagamento, t\u00eam suas pr\u00f3prias pol\u00edticas de privacidade em rela\u00e7\u00e3o \u00e0 informa\u00e7\u00e3o que somos obrigados a fornecer para eles sobre transa\u00e7\u00f5es relacionadas a compras.<\/p><p>Para esses fornecedores, recomendamos que voc\u00ea leia suas pol\u00edticas de privacidade para que voc\u00ea possa entender de que maneira suas informa\u00e7\u00f5es pessoais ser\u00e3o usadas por esses fornecedores.<\/p><p>Uma vez que voc\u00ea sair do site da nossa loja ou for redirecionado para um aplicativo ou site de terceiros, voc\u00ea n\u00e3o ser\u00e1 mais regido por essa Pol\u00edtica de privacidade ou pelos Termos de servi\u00e7o do nosso site.<\/p>\t\t\t\t\t\t\t\t<\/div>\n\t\t\t\t<\/div>\n\t\t\t\t<div class=\"elementor-element elementor-element-d7f086a elementor-widget elementor-widget-text-editor\" data-id=\"d7f086a\" data-element_type=\"widget\" data-e-type=\"widget\" data-widget_type=\"text-editor.default\">\n\t\t\t\t<div class=\"elementor-widget-container\">\n\t\t\t\t\t\t\t\t\t<p>LINKS<\/p>\t\t\t\t\t\t\t\t<\/div>\n\t\t\t\t<\/div>\n\t\t\t\t<div class=\"elementor-element elementor-element-e6902f9 elementor-widget elementor-widget-text-editor\" data-id=\"e6902f9\" data-element_type=\"widget\" data-e-type=\"widget\" data-widget_type=\"text-editor.default\">\n\t\t\t\t<div class=\"elementor-widget-container\">\n\t\t\t\t\t\t\t\t\t<p>Quando voc\u00ea clicar em links na nossa loja, eles podem lhe direcionar para fora do nosso site. N\u00e3o somos respons\u00e1veis pelas pr\u00e1ticas de privacidade de outros sites e lhe incentivamos a ler as pol\u00edticas de privacidade deles.<\/p>\t\t\t\t\t\t\t\t<\/div>\n\t\t\t\t<\/div>\n\t\t\t\t<div class=\"elementor-element elementor-element-8e3449f elementor-widget elementor-widget-text-editor\" data-id=\"8e3449f\" data-element_type=\"widget\" data-e-type=\"widget\" data-widget_type=\"text-editor.default\">\n\t\t\t\t<div class=\"elementor-widget-container\">\n\t\t\t\t\t\t\t\t\t<p>SEGURAN\u00c7A<\/p>\t\t\t\t\t\t\t\t<\/div>\n\t\t\t\t<\/div>\n\t\t\t\t<div class=\"elementor-element elementor-element-a0fd6b2 elementor-widget elementor-widget-text-editor\" data-id=\"a0fd6b2\" data-element_type=\"widget\" data-e-type=\"widget\" data-widget_type=\"text-editor.default\">\n\t\t\t\t<div class=\"elementor-widget-container\">\n\t\t\t\t\t\t\t\t\t<p>Para proteger suas informa\u00e7\u00f5es pessoais, tomamos precau\u00e7\u00f5es e seguimos as melhores pr\u00e1ticas da ind\u00fastria para nos certificar que elas n\u00e3o sejam perdidas, usurpadas, acessadas, divulgadas, alteradas ou destru\u00eddas.<\/p><p>Para voc\u00ea comprar tranquilo e com total seguran\u00e7a utilizamos um certificado de seguran\u00e7a, com reconhecimento mundial em seguran\u00e7a pela Internet. O protocolo utilizado \u00e9 o \u201chttps\u201d.<\/p><p>N\u00e3o divulgamos ou comercializamos seus dados pessoais. Entendemos que essas informa\u00e7\u00f5es foram fornecidas pela confian\u00e7a em nossa empresa e que, cabe a n\u00f3s, devolver \u00e0 voc\u00ea o mesmo respeito.<\/p><p>Suas informa\u00e7\u00f5es s\u00e3o utilizadas somente por n\u00f3s, para uma variedade de finalidades como conferir o pedido, facilitar preenchimento de pedido, fazer an\u00e1lise de perfis e estat\u00edsticas, melhoria das opera\u00e7\u00f5es do site e envio de conte\u00fado, comunicados, materiais promocionais e informa\u00e7\u00f5es.<\/p>\t\t\t\t\t\t\t\t<\/div>\n\t\t\t\t<\/div>\n\t\t\t\t<div class=\"elementor-element elementor-element-c0c5a7c elementor-widget elementor-widget-text-editor\" data-id=\"c0c5a7c\" data-element_type=\"widget\" data-e-type=\"widget\" data-widget_type=\"text-editor.default\">\n\t\t\t\t<div class=\"elementor-widget-container\">\n\t\t\t\t\t\t\t\t\t<p>IDADE DO CONSENTIMENTO<\/p>\t\t\t\t\t\t\t\t<\/div>\n\t\t\t\t<\/div>\n\t\t\t\t<div class=\"elementor-element elementor-element-0ee38c3 elementor-widget elementor-widget-text-editor\" data-id=\"0ee38c3\" data-element_type=\"widget\" data-e-type=\"widget\" data-widget_type=\"text-editor.default\">\n\t\t\t\t<div class=\"elementor-widget-container\">\n\t\t\t\t\t\t\t\t\t<p>Ao usar esse site, voc\u00ea confirma que voc\u00ea \u00e9 maior de idade em seu estado ou prov\u00edncia de resid\u00eancia e que voc\u00ea nos deu seu consentimento para permitir que qualquer um dos seus dependentes menores de idade usem esse site.<\/p><p>Caso voc\u00ea seja menor de 18 anos, precisar\u00e1 estar acompanhado de um de seus pais ou respons\u00e1vel. No caso de qualquer eventual cadastro ou compra efetuada por pessoa absoluta ou relativamente incapaz (por exemplo, menores de 18 anos de idade), com ou sem permiss\u00e3o de seus pais, tutores ou representantes legais, estes ser\u00e3o respons\u00e1veis por todos os atos praticados pelo menor, na forma da lei.<\/p>\t\t\t\t\t\t\t\t<\/div>\n\t\t\t\t<\/div>\n\t\t\t\t<div class=\"elementor-element elementor-element-34ff929 elementor-widget elementor-widget-text-editor\" data-id=\"34ff929\" data-element_type=\"widget\" data-e-type=\"widget\" data-widget_type=\"text-editor.default\">\n\t\t\t\t<div class=\"elementor-widget-container\">\n\t\t\t\t\t\t\t\t\t<p>ALTERA\u00c7\u00d5ES DA POL\u00cdTICA DE PRIVACIDADE<\/p>\t\t\t\t\t\t\t\t<\/div>\n\t\t\t\t<\/div>\n\t\t\t\t<div class=\"elementor-element elementor-element-913025e elementor-widget elementor-widget-text-editor\" data-id=\"913025e\" data-element_type=\"widget\" data-e-type=\"widget\" data-widget_type=\"text-editor.default\">\n\t\t\t\t<div class=\"elementor-widget-container\">\n\t\t\t\t\t\t\t\t\t<p>Reservamos o direito de modificar essa pol\u00edtica de privacidade a qualquer momento. Portanto, por favor, leia-a com frequ\u00eancia. As altera\u00e7\u00f5es e esclarecimentos surtem efeito imediatamente ap\u00f3s serem publicadas no site. Caso fa\u00e7amos altera\u00e7\u00f5es na pol\u00edtica de privacidade, iremos notific\u00e1-lo sobre a atualiza\u00e7\u00e3o. Assim, voc\u00ea saber\u00e1 quais informa\u00e7\u00f5es coletamos, como as usamos, e sob que circunst\u00e2ncias, caso aplic\u00e1vel, as utilizaremos e\/ou divulgaremos.<\/p>\t\t\t\t\t\t\t\t<\/div>\n\t\t\t\t<\/div>\n\t\t\t\t<div class=\"elementor-element elementor-element-73b0984 elementor-widget elementor-widget-text-editor\" data-id=\"73b0984\" data-element_type=\"widget\" data-e-type=\"widget\" data-widget_type=\"text-editor.default\">\n\t\t\t\t<div class=\"elementor-widget-container\">\n\t\t\t\t\t\t\t\t\t<p>LEGISLA\u00c7\u00c3O E FORO<\/p>\t\t\t\t\t\t\t\t<\/div>\n\t\t\t\t<\/div>\n\t\t\t\t<div class=\"elementor-element elementor-element-cfd27bf elementor-widget elementor-widget-text-editor\" data-id=\"cfd27bf\" data-element_type=\"widget\" data-e-type=\"widget\" data-widget_type=\"text-editor.default\">\n\t\t\t\t<div class=\"elementor-widget-container\">\n\t\t\t\t\t\t\t\t\t<p>Esta pol\u00edtica ser\u00e1 regida, interpretada e executada de acordo com as Leis da Rep\u00fablica Federativa do Brasil, especialmente a Lei n\u00ba 13.709\/2018, independentemente das Leis de outros estados ou pa\u00edses, sendo competente o foro de domic\u00edlio do Cliente para dirimir qualquer d\u00favida decorrente deste documento.<\/p>\t\t\t\t\t\t\t\t<\/div>\n\t\t\t\t<\/div>\n\t\t\t\t<div class=\"elementor-element elementor-element-555d71d elementor-widget elementor-widget-text-editor\" data-id=\"555d71d\" data-element_type=\"widget\" data-e-type=\"widget\" data-widget_type=\"text-editor.default\">\n\t\t\t\t<div class=\"elementor-widget-container\">\n\t\t\t\t\t\t\t\t\t<p>DISPOSI\u00c7\u00d5ES GERAIS<\/p>\t\t\t\t\t\t\t\t<\/div>\n\t\t\t\t<\/div>\n\t\t\t\t<div class=\"elementor-element elementor-element-7773668 elementor-widget elementor-widget-text-editor\" data-id=\"7773668\" data-element_type=\"widget\" data-e-type=\"widget\" data-widget_type=\"text-editor.default\">\n\t\t\t\t<div class=\"elementor-widget-container\">\n\t\t\t\t\t\t\t\t\t<p>A Pertech se reserva o direito de revisar periodicamente esta Pol\u00edtica e modific\u00e1-la a qualquer momento, dando publicidade das altera\u00e7\u00f5es em seu site. Se o Cliente n\u00e3o concordar com qualquer das altera\u00e7\u00f5es nesta Pol\u00edtica dever\u00e1 comunicar tal discord\u00e2ncia \u00e0 Central de Relacionamento com o Cliente Pertech, indicando como gostaria de solucionar sua discord\u00e2ncia.<\/p>\t\t\t\t\t\t\t\t<\/div>\n\t\t\t\t<\/div>\n\t\t\t\t\t<\/div>\n\t\t<\/div>\n\t\t\t\t\t<\/div>\n\t\t<\/section>\n\t\t\t\t<\/div>\n\t\t","protected":false},"excerpt":{"rendered":"<p>POL\u00cdTICA DE PRIVACIDADE COLETA DE DADOS Nossas Pol\u00edticas Corporativas t\u00eam por base nossa Miss\u00e3o, Vis\u00e3o e Valores e, tem como foco primordial satisfazer nossos Clientes. Diante dessa premissa, esta Pol\u00edtica de Privacidade visa estruturar um sistema normativo e de pr\u00e1ticas para garantir a privacidade dos Dados Pessoais dos Clientes Pertech em atendimento a Lei Geral [&hellip;]<\/p>\n","protected":false},"author":6,"featured_media":0,"parent":0,"menu_order":0,"comment_status":"closed","ping_status":"closed","template":"elementor_header_footer","meta":{"_acf_changed":false,"footnotes":""},"class_list":["post-16759","page","type-page","status-publish","hentry"],"acf":[],"yoast_head":"<!-- This site is optimized with the Yoast SEO Premium plugin v26.0 (Yoast SEO v26.9) - https:\/\/yoast.com\/product\/yoast-seo-premium-wordpress\/ -->\n<title>Pol\u00edtica de privacidade - Pertech<\/title>\n<meta name=\"robots\" content=\"index, follow, max-snippet:-1, max-image-preview:large, max-video-preview:-1\" \/>\n<link rel=\"canonical\" href=\"https:\/\/pertech.com.br\/teste\/privacidade\/\" \/>\n<meta property=\"og:locale\" content=\"pt_BR\" \/>\n<meta property=\"og:type\" content=\"article\" \/>\n<meta property=\"og:title\" content=\"Pol\u00edtica de privacidade\" \/>\n<meta property=\"og:description\" content=\"POL\u00cdTICA DE PRIVACIDADE COLETA DE DADOS Nossas Pol\u00edticas Corporativas t\u00eam por base nossa Miss\u00e3o, Vis\u00e3o e Valores e, tem como foco primordial satisfazer nossos Clientes. Diante dessa premissa, esta Pol\u00edtica de Privacidade visa estruturar um sistema normativo e de pr\u00e1ticas para garantir a privacidade dos Dados Pessoais dos Clientes Pertech em atendimento a Lei Geral [&hellip;]\" \/>\n<meta property=\"og:url\" content=\"https:\/\/pertech.com.br\/teste\/privacidade\/\" \/>\n<meta property=\"og:site_name\" content=\"Pertech\" \/>\n<meta property=\"article:modified_time\" content=\"2024-04-15T14:35:39+00:00\" \/>\n<meta name=\"twitter:card\" content=\"summary_large_image\" \/>\n<meta name=\"twitter:label1\" content=\"Est. tempo de leitura\" \/>\n\t<meta name=\"twitter:data1\" content=\"5 minutos\" \/>\n<script type=\"application\/ld+json\" class=\"yoast-schema-graph\">{\"@context\":\"https:\/\/schema.org\",\"@graph\":[{\"@type\":\"WebPage\",\"@id\":\"https:\/\/pertech.com.br\/teste\/privacidade\/\",\"url\":\"https:\/\/pertech.com.br\/teste\/privacidade\/\",\"name\":\"Pol\u00edtica de privacidade - Pertech\",\"isPartOf\":{\"@id\":\"https:\/\/pertech.com.br\/teste\/#website\"},\"datePublished\":\"2024-04-15T13:51:26+00:00\",\"dateModified\":\"2024-04-15T14:35:39+00:00\",\"breadcrumb\":{\"@id\":\"https:\/\/pertech.com.br\/teste\/privacidade\/#breadcrumb\"},\"inLanguage\":\"pt-BR\",\"potentialAction\":[{\"@type\":\"ReadAction\",\"target\":[\"https:\/\/pertech.com.br\/teste\/privacidade\/\"]}]},{\"@type\":\"BreadcrumbList\",\"@id\":\"https:\/\/pertech.com.br\/teste\/privacidade\/#breadcrumb\",\"itemListElement\":[{\"@type\":\"ListItem\",\"position\":1,\"name\":\"In\u00edcio\",\"item\":\"https:\/\/pertech.com.br\/teste\/\"},{\"@type\":\"ListItem\",\"position\":2,\"name\":\"Pol\u00edtica de privacidade\"}]},{\"@type\":\"WebSite\",\"@id\":\"https:\/\/pertech.com.br\/teste\/#website\",\"url\":\"https:\/\/pertech.com.br\/teste\/\",\"name\":\"Pertech\",\"description\":\"\",\"potentialAction\":[{\"@type\":\"SearchAction\",\"target\":{\"@type\":\"EntryPoint\",\"urlTemplate\":\"https:\/\/pertech.com.br\/teste\/?s={search_term_string}\"},\"query-input\":{\"@type\":\"PropertyValueSpecification\",\"valueRequired\":true,\"valueName\":\"search_term_string\"}}],\"inLanguage\":\"pt-BR\"}]}<\/script>\n<!-- \/ Yoast SEO Premium plugin. -->","yoast_head_json":{"title":"Pol\u00edtica de privacidade - Pertech","robots":{"index":"index","follow":"follow","max-snippet":"max-snippet:-1","max-image-preview":"max-image-preview:large","max-video-preview":"max-video-preview:-1"},"canonical":"https:\/\/pertech.com.br\/teste\/privacidade\/","og_locale":"pt_BR","og_type":"article","og_title":"Pol\u00edtica de privacidade","og_description":"POL\u00cdTICA DE PRIVACIDADE COLETA DE DADOS Nossas Pol\u00edticas Corporativas t\u00eam por base nossa Miss\u00e3o, Vis\u00e3o e Valores e, tem como foco primordial satisfazer nossos Clientes. Diante dessa premissa, esta Pol\u00edtica de Privacidade visa estruturar um sistema normativo e de pr\u00e1ticas para garantir a privacidade dos Dados Pessoais dos Clientes Pertech em atendimento a Lei Geral [&hellip;]","og_url":"https:\/\/pertech.com.br\/teste\/privacidade\/","og_site_name":"Pertech","article_modified_time":"2024-04-15T14:35:39+00:00","twitter_card":"summary_large_image","twitter_misc":{"Est. tempo de leitura":"5 minutos"},"schema":{"@context":"https:\/\/schema.org","@graph":[{"@type":"WebPage","@id":"https:\/\/pertech.com.br\/teste\/privacidade\/","url":"https:\/\/pertech.com.br\/teste\/privacidade\/","name":"Pol\u00edtica de privacidade - Pertech","isPartOf":{"@id":"https:\/\/pertech.com.br\/teste\/#website"},"datePublished":"2024-04-15T13:51:26+00:00","dateModified":"2024-04-15T14:35:39+00:00","breadcrumb":{"@id":"https:\/\/pertech.com.br\/teste\/privacidade\/#breadcrumb"},"inLanguage":"pt-BR","potentialAction":[{"@type":"ReadAction","target":["https:\/\/pertech.com.br\/teste\/privacidade\/"]}]},{"@type":"BreadcrumbList","@id":"https:\/\/pertech.com.br\/teste\/privacidade\/#breadcrumb","itemListElement":[{"@type":"ListItem","position":1,"name":"In\u00edcio","item":"https:\/\/pertech.com.br\/teste\/"},{"@type":"ListItem","position":2,"name":"Pol\u00edtica de privacidade"}]},{"@type":"WebSite","@id":"https:\/\/pertech.com.br\/teste\/#website","url":"https:\/\/pertech.com.br\/teste\/","name":"Pertech","description":"","potentialAction":[{"@type":"SearchAction","target":{"@type":"EntryPoint","urlTemplate":"https:\/\/pertech.com.br\/teste\/?s={search_term_string}"},"query-input":{"@type":"PropertyValueSpecification","valueRequired":true,"valueName":"search_term_string"}}],"inLanguage":"pt-BR"}]}},"_links":{"self":[{"href":"https:\/\/pertech.com.br\/teste\/wp-json\/wp\/v2\/pages\/16759","targetHints":{"allow":["GET"]}}],"collection":[{"href":"https:\/\/pertech.com.br\/teste\/wp-json\/wp\/v2\/pages"}],"about":[{"href":"https:\/\/pertech.com.br\/teste\/wp-json\/wp\/v2\/types\/page"}],"author":[{"embeddable":true,"href":"https:\/\/pertech.com.br\/teste\/wp-json\/wp\/v2\/users\/6"}],"replies":[{"embeddable":true,"href":"https:\/\/pertech.com.br\/teste\/wp-json\/wp\/v2\/comments?post=16759"}],"version-history":[{"count":0,"href":"https:\/\/pertech.com.br\/teste\/wp-json\/wp\/v2\/pages\/16759\/revisions"}],"wp:attachment":[{"href":"https:\/\/pertech.com.br\/teste\/wp-json\/wp\/v2\/media?parent=16759"}],"curies":[{"name":"wp","href":"https:\/\/api.w.org\/{rel}","templated":true}]}}