{"id":8405,"date":"2023-06-30T15:36:46","date_gmt":"2023-06-30T15:36:46","guid":{"rendered":"https:\/\/pertech.com.br\/teste\/?page_id=8405"},"modified":"2024-03-05T14:32:34","modified_gmt":"2024-03-05T14:32:34","slug":"linha-de-transparencia","status":"publish","type":"page","link":"https:\/\/pertech.com.br\/teste\/linha-de-transparencia\/","title":{"rendered":"Linha de transpar\u00eancia"},"content":{"rendered":"\t\t<div data-elementor-type=\"wp-page\" data-elementor-id=\"8405\" class=\"elementor elementor-8405\" data-elementor-settings=\"{&quot;element_pack_global_tooltip_width&quot;:{&quot;unit&quot;:&quot;px&quot;,&quot;size&quot;:&quot;&quot;,&quot;sizes&quot;:[]},&quot;element_pack_global_tooltip_width_tablet&quot;:{&quot;unit&quot;:&quot;px&quot;,&quot;size&quot;:&quot;&quot;,&quot;sizes&quot;:[]},&quot;element_pack_global_tooltip_width_mobile&quot;:{&quot;unit&quot;:&quot;px&quot;,&quot;size&quot;:&quot;&quot;,&quot;sizes&quot;:[]},&quot;element_pack_global_tooltip_padding&quot;:{&quot;unit&quot;:&quot;px&quot;,&quot;top&quot;:&quot;&quot;,&quot;right&quot;:&quot;&quot;,&quot;bottom&quot;:&quot;&quot;,&quot;left&quot;:&quot;&quot;,&quot;isLinked&quot;:true},&quot;element_pack_global_tooltip_padding_tablet&quot;:{&quot;unit&quot;:&quot;px&quot;,&quot;top&quot;:&quot;&quot;,&quot;right&quot;:&quot;&quot;,&quot;bottom&quot;:&quot;&quot;,&quot;left&quot;:&quot;&quot;,&quot;isLinked&quot;:true},&quot;element_pack_global_tooltip_padding_mobile&quot;:{&quot;unit&quot;:&quot;px&quot;,&quot;top&quot;:&quot;&quot;,&quot;right&quot;:&quot;&quot;,&quot;bottom&quot;:&quot;&quot;,&quot;left&quot;:&quot;&quot;,&quot;isLinked&quot;:true},&quot;element_pack_global_tooltip_border_radius&quot;:{&quot;unit&quot;:&quot;px&quot;,&quot;top&quot;:&quot;&quot;,&quot;right&quot;:&quot;&quot;,&quot;bottom&quot;:&quot;&quot;,&quot;left&quot;:&quot;&quot;,&quot;isLinked&quot;:true},&quot;element_pack_global_tooltip_border_radius_tablet&quot;:{&quot;unit&quot;:&quot;px&quot;,&quot;top&quot;:&quot;&quot;,&quot;right&quot;:&quot;&quot;,&quot;bottom&quot;:&quot;&quot;,&quot;left&quot;:&quot;&quot;,&quot;isLinked&quot;:true},&quot;element_pack_global_tooltip_border_radius_mobile&quot;:{&quot;unit&quot;:&quot;px&quot;,&quot;top&quot;:&quot;&quot;,&quot;right&quot;:&quot;&quot;,&quot;bottom&quot;:&quot;&quot;,&quot;left&quot;:&quot;&quot;,&quot;isLinked&quot;:true}}\" data-elementor-post-type=\"page\">\n\t\t\t\t\t\t<section class=\"elementor-section elementor-top-section elementor-element elementor-element-f12418d elementor-section-boxed elementor-section-height-default elementor-section-height-default\" data-id=\"f12418d\" data-element_type=\"section\" data-e-type=\"section\" data-settings=\"{&quot;background_background&quot;:&quot;gradient&quot;}\">\n\t\t\t\t\t\t\t<div class=\"elementor-background-overlay\"><\/div>\n\t\t\t\t\t\t\t<div class=\"elementor-container elementor-column-gap-default\">\n\t\t\t\t\t<div class=\"elementor-column elementor-col-100 elementor-top-column elementor-element elementor-element-aaa3f66\" data-id=\"aaa3f66\" data-element_type=\"column\" data-e-type=\"column\">\n\t\t\t<div class=\"elementor-widget-wrap elementor-element-populated\">\n\t\t\t\t\t\t<div class=\"elementor-element elementor-element-a60221f elementor-widget elementor-widget-heading\" data-id=\"a60221f\" data-element_type=\"widget\" data-e-type=\"widget\" data-widget_type=\"heading.default\">\n\t\t\t\t<div class=\"elementor-widget-container\">\n\t\t\t\t\t<h2 class=\"elementor-heading-title elementor-size-default\">Linha de transpar\u00eancia <\/h2>\t\t\t\t<\/div>\n\t\t\t\t<\/div>\n\t\t\t\t\t<\/div>\n\t\t<\/div>\n\t\t\t\t\t<\/div>\n\t\t<\/section>\n\t\t\t\t<section class=\"elementor-section elementor-top-section elementor-element elementor-element-a70013f elementor-section-boxed elementor-section-height-default elementor-section-height-default\" data-id=\"a70013f\" data-element_type=\"section\" data-e-type=\"section\" data-settings=\"{&quot;background_background&quot;:&quot;classic&quot;}\">\n\t\t\t\t\t\t<div class=\"elementor-container elementor-column-gap-default\">\n\t\t\t\t\t<div class=\"elementor-column elementor-col-100 elementor-top-column elementor-element elementor-element-49a0846\" data-id=\"49a0846\" data-element_type=\"column\" data-e-type=\"column\">\n\t\t\t<div class=\"elementor-widget-wrap elementor-element-populated\">\n\t\t\t\t\t\t<div class=\"elementor-element elementor-element-9631b4a elementor-button-align-stretch elementor-widget elementor-widget-form\" data-id=\"9631b4a\" data-element_type=\"widget\" data-e-type=\"widget\" data-settings=\"{&quot;step_next_label&quot;:&quot;Next&quot;,&quot;step_previous_label&quot;:&quot;Previous&quot;,&quot;button_width&quot;:&quot;100&quot;,&quot;step_type&quot;:&quot;number_text&quot;,&quot;step_icon_shape&quot;:&quot;circle&quot;}\" data-widget_type=\"form.default\">\n\t\t\t\t<div class=\"elementor-widget-container\">\n\t\t\t\t\t\t\t<form class=\"elementor-form\" method=\"post\" name=\"New Form\" aria-label=\"New Form\">\n\t\t\t<input type=\"hidden\" name=\"post_id\" value=\"8405\"\/>\n\t\t\t<input type=\"hidden\" name=\"form_id\" value=\"9631b4a\"\/>\n\t\t\t<input type=\"hidden\" name=\"referer_title\" value=\"Linha de transpar\u00eancia - Pertech\" \/>\n\n\t\t\t\t\t\t\t<input type=\"hidden\" name=\"queried_id\" value=\"8405\"\/>\n\t\t\t\n\t\t\t<div class=\"elementor-form-fields-wrapper elementor-labels-above\">\n\t\t\t\t\t\t\t\t<div class=\"elementor-field-type-checkbox elementor-field-group elementor-column elementor-field-group-name elementor-col-100\">\n\t\t\t\t\t\t\t\t\t\t\t\t<label for=\"form-field-name\" class=\"elementor-field-label\">\n\t\t\t\t\t\t\t\tQual o tipo da sua den\u00fancia?\t\t\t\t\t\t\t<\/label>\n\t\t\t\t\t\t<div class=\"elementor-field-subgroup  \"><span class=\"elementor-field-option\"><input type=\"checkbox\" value=\"Fraude, corrup\u00e7\u00e3o, falsidade ideol\u00f3gica, relat\u00f3rios falsos\" id=\"form-field-name-0\" name=\"form_fields[name][]\"> <label for=\"form-field-name-0\">Fraude, corrup\u00e7\u00e3o, falsidade ideol\u00f3gica, relat\u00f3rios falsos<\/label><\/span><span class=\"elementor-field-option\"><input type=\"checkbox\" value=\"Trabalho infantil, trabalho escravo\" id=\"form-field-name-1\" name=\"form_fields[name][]\"> <label for=\"form-field-name-1\">Trabalho infantil, trabalho escravo<\/label><\/span><span class=\"elementor-field-option\"><input type=\"checkbox\" value=\"Discrimina\u00e7\u00e3o (ex. ra\u00e7a, g\u00eanero, religiosa, social)\" id=\"form-field-name-2\" name=\"form_fields[name][]\"> <label for=\"form-field-name-2\">Discrimina\u00e7\u00e3o (ex. ra\u00e7a, g\u00eanero, religiosa, social)<\/label><\/span><span class=\"elementor-field-option\"><input type=\"checkbox\" value=\"Uso inadequado de recursos, irregularidade no cumprimento de normas e pol\u00edticas da companhia\" id=\"form-field-name-3\" name=\"form_fields[name][]\"> <label for=\"form-field-name-3\">Uso inadequado de recursos, irregularidade no cumprimento de normas e pol\u00edticas da companhia<\/label><\/span><span class=\"elementor-field-option\"><input type=\"checkbox\" value=\"Ass\u00e9dio (ex. moral, psicol\u00f3gico, sexual) \" id=\"form-field-name-4\" name=\"form_fields[name][]\"> <label for=\"form-field-name-4\">Ass\u00e9dio (ex. moral, psicol\u00f3gico, sexual) <\/label><\/span><span class=\"elementor-field-option\"><input type=\"checkbox\" value=\"Outros\" id=\"form-field-name-5\" name=\"form_fields[name][]\"> <label for=\"form-field-name-5\">Outros<\/label><\/span><\/div>\t\t\t\t<\/div>\n\t\t\t\t\t\t\t\t<div class=\"elementor-field-type-textarea elementor-field-group elementor-column elementor-field-group-email elementor-col-100 elementor-field-required\">\n\t\t\t\t\t\t\t\t\t\t\t\t<label for=\"form-field-email\" class=\"elementor-field-label\">\n\t\t\t\t\t\t\t\tPor favor, descreva a situa\u00e7\u00e3o ocorrida:\t\t\t\t\t\t\t<\/label>\n\t\t\t\t\t\t<textarea class=\"elementor-field-textual elementor-field  elementor-size-sm\" name=\"form_fields[email]\" id=\"form-field-email\" rows=\"4\" required=\"required\"><\/textarea>\t\t\t\t<\/div>\n\t\t\t\t\t\t\t\t<div class=\"elementor-field-type-text elementor-field-group elementor-column elementor-field-group-message elementor-col-100 elementor-field-required\">\n\t\t\t\t\t\t\t\t\t\t\t\t<label for=\"form-field-message\" class=\"elementor-field-label\">\n\t\t\t\t\t\t\t\tDesde quando tem ci\u00eancia deste tipo de situa\u00e7\u00e3o?\t\t\t\t\t\t\t<\/label>\n\t\t\t\t\t\t\t\t\t\t\t\t\t\t<input size=\"1\" type=\"text\" name=\"form_fields[message]\" id=\"form-field-message\" class=\"elementor-field elementor-size-sm  elementor-field-textual\" required=\"required\">\n\t\t\t\t\t\t\t\t\t\t\t<\/div>\n\t\t\t\t\t\t\t\t<div class=\"elementor-field-type-checkbox elementor-field-group elementor-column elementor-field-group-field_1d7a8cf elementor-col-100\">\n\t\t\t\t\t\t\t\t\t\t\t\t<label for=\"form-field-field_1d7a8cf\" class=\"elementor-field-label\">\n\t\t\t\t\t\t\t\tA dire\u00e7\u00e3o conhece a situa\u00e7\u00e3o?\t\t\t\t\t\t\t<\/label>\n\t\t\t\t\t\t<div class=\"elementor-field-subgroup  \"><span class=\"elementor-field-option\"><input type=\"checkbox\" value=\"Sim\" id=\"form-field-field_1d7a8cf-0\" name=\"form_fields[field_1d7a8cf][]\"> <label for=\"form-field-field_1d7a8cf-0\">Sim<\/label><\/span><span class=\"elementor-field-option\"><input type=\"checkbox\" value=\"N\u00e3o\" id=\"form-field-field_1d7a8cf-1\" name=\"form_fields[field_1d7a8cf][]\"> <label for=\"form-field-field_1d7a8cf-1\">N\u00e3o<\/label><\/span><span class=\"elementor-field-option\"><input type=\"checkbox\" value=\"N\u00e3o sei\" id=\"form-field-field_1d7a8cf-2\" name=\"form_fields[field_1d7a8cf][]\"> <label for=\"form-field-field_1d7a8cf-2\">N\u00e3o sei<\/label><\/span><\/div>\t\t\t\t<\/div>\n\t\t\t\t\t\t\t\t<div class=\"elementor-field-type-text elementor-field-group elementor-column elementor-field-group-field_3dfaf2d elementor-col-100 elementor-field-required\">\n\t\t\t\t\t\t\t\t\t\t\t\t<label for=\"form-field-field_3dfaf2d\" class=\"elementor-field-label\">\n\t\t\t\t\t\t\t\tQuem est\u00e1 envolvido? (Nomes, cargos e detalhes adicionais)\t\t\t\t\t\t\t<\/label>\n\t\t\t\t\t\t\t\t\t\t\t\t\t\t<input size=\"1\" type=\"text\" name=\"form_fields[field_3dfaf2d]\" id=\"form-field-field_3dfaf2d\" class=\"elementor-field elementor-size-sm  elementor-field-textual\" required=\"required\">\n\t\t\t\t\t\t\t\t\t\t\t<\/div>\n\t\t\t\t\t\t\t\t<div class=\"elementor-field-type-checkbox elementor-field-group elementor-column elementor-field-group-field_bda3e54 elementor-col-100\">\n\t\t\t\t\t\t\t\t\t\t\t\t<label for=\"form-field-field_bda3e54\" class=\"elementor-field-label\">\n\t\t\t\t\t\t\t\tVoc\u00ea deseja se identificar?\t\t\t\t\t\t\t<\/label>\n\t\t\t\t\t\t<div class=\"elementor-field-subgroup  \"><span class=\"elementor-field-option\"><input type=\"checkbox\" value=\"Sim\" id=\"form-field-field_bda3e54-0\" name=\"form_fields[field_bda3e54][]\"> <label for=\"form-field-field_bda3e54-0\">Sim<\/label><\/span><span class=\"elementor-field-option\"><input type=\"checkbox\" value=\"Prefiro me manter an\u00f4nimo(a)\" id=\"form-field-field_bda3e54-1\" name=\"form_fields[field_bda3e54][]\"> <label for=\"form-field-field_bda3e54-1\">Prefiro me manter an\u00f4nimo(a)<\/label><\/span><\/div>\t\t\t\t<\/div>\n\t\t\t\t\t\t\t\t<div class=\"elementor-field-type-text elementor-field-group elementor-column elementor-field-group-field_33a50d5 elementor-col-100\">\n\t\t\t\t\t\t\t\t\t\t\t\t<label for=\"form-field-field_33a50d5\" class=\"elementor-field-label\">\n\t\t\t\t\t\t\t\tNome\t\t\t\t\t\t\t<\/label>\n\t\t\t\t\t\t\t\t\t\t\t\t\t\t<input size=\"1\" type=\"text\" name=\"form_fields[field_33a50d5]\" id=\"form-field-field_33a50d5\" class=\"elementor-field elementor-size-sm  elementor-field-textual\" placeholder=\"Opcional\">\n\t\t\t\t\t\t\t\t\t\t\t<\/div>\n\t\t\t\t\t\t\t\t<div class=\"elementor-field-type-text elementor-field-group elementor-column elementor-field-group-field_d021b15 elementor-col-100\">\n\t\t\t\t\t\t\t\t\t\t\t\t<label for=\"form-field-field_d021b15\" class=\"elementor-field-label\">\n\t\t\t\t\t\t\t\tTelefone\t\t\t\t\t\t\t<\/label>\n\t\t\t\t\t\t\t\t\t\t\t\t\t\t<input size=\"1\" type=\"text\" name=\"form_fields[field_d021b15]\" id=\"form-field-field_d021b15\" class=\"elementor-field elementor-size-sm  elementor-field-textual\" placeholder=\"Opcional\">\n\t\t\t\t\t\t\t\t\t\t\t<\/div>\n\t\t\t\t\t\t\t\t<div class=\"elementor-field-type-email elementor-field-group elementor-column elementor-field-group-field_58ca3d7 elementor-col-100\">\n\t\t\t\t\t\t\t\t\t\t\t\t<label for=\"form-field-field_58ca3d7\" class=\"elementor-field-label\">\n\t\t\t\t\t\t\t\tEmail\t\t\t\t\t\t\t<\/label>\n\t\t\t\t\t\t\t\t\t\t\t\t\t\t<input size=\"1\" type=\"email\" name=\"form_fields[field_58ca3d7]\" id=\"form-field-field_58ca3d7\" class=\"elementor-field elementor-size-sm  elementor-field-textual\" placeholder=\"Opcional\">\n\t\t\t\t\t\t\t\t\t\t\t<\/div>\n\t\t\t\t\t\t\t\t<div class=\"elementor-field-group elementor-column elementor-field-type-submit elementor-col-100 e-form__buttons\">\n\t\t\t\t\t<button class=\"elementor-button elementor-size-sm\" type=\"submit\">\n\t\t\t\t\t\t<span class=\"elementor-button-content-wrapper\">\n\t\t\t\t\t\t\t\t\t\t\t\t\t\t\t\t\t\t\t\t\t\t<span class=\"elementor-button-text\">Enviar<\/span>\n\t\t\t\t\t\t\t\t\t\t\t\t\t<\/span>\n\t\t\t\t\t<\/button>\n\t\t\t\t<\/div>\n\t\t\t<\/div>\n\t\t<\/form>\n\t\t\t\t\t\t<\/div>\n\t\t\t\t<\/div>\n\t\t\t\t<div class=\"elementor-element elementor-element-a9c0015 elementor-widget elementor-widget-text-editor\" data-id=\"a9c0015\" data-element_type=\"widget\" data-e-type=\"widget\" data-widget_type=\"text-editor.default\">\n\t\t\t\t<div class=\"elementor-widget-container\">\n\t\t\t\t\t\t\t\t\t<div id=\"rd-text-ljr6qmaf\" class=\"bricks--component bricks--component-text rd-text\"><p>\u00a0<\/p><\/div><div id=\"rd-text-kt39noig\" class=\"bricks--component bricks--component-text rd-text\"><p>Utilizamos cookies essenciais e tecnologias semelhantes de acordo com a nossa Pol\u00edtica de Privacidade e, ao continuar navegando, voc\u00ea concorda com estas condi\u00e7\u00f5es.<\/p><\/div>\t\t\t\t\t\t\t\t<\/div>\n\t\t\t\t<\/div>\n\t\t\t\t\t<\/div>\n\t\t<\/div>\n\t\t\t\t\t<\/div>\n\t\t<\/section>\n\t\t\t\t<\/div>\n\t\t","protected":false},"excerpt":{"rendered":"<p>Linha de transpar\u00eancia \u00a0 Utilizamos cookies essenciais e tecnologias semelhantes de acordo com a nossa Pol\u00edtica de Privacidade e, ao continuar navegando, voc\u00ea concorda com estas condi\u00e7\u00f5es.<\/p>\n","protected":false},"author":6,"featured_media":0,"parent":0,"menu_order":0,"comment_status":"closed","ping_status":"closed","template":"elementor_canvas","meta":{"_acf_changed":false,"footnotes":""},"class_list":["post-8405","page","type-page","status-publish","hentry"],"acf":[],"yoast_head":"<!-- This site is optimized with the Yoast SEO Premium plugin v26.0 (Yoast SEO v26.9) - https:\/\/yoast.com\/product\/yoast-seo-premium-wordpress\/ -->\n<title>Linha de transpar\u00eancia - Pertech<\/title>\n<meta name=\"robots\" content=\"index, follow, max-snippet:-1, max-image-preview:large, max-video-preview:-1\" \/>\n<link rel=\"canonical\" href=\"https:\/\/pertech.com.br\/teste\/linha-de-transparencia\/\" \/>\n<meta property=\"og:locale\" content=\"pt_BR\" \/>\n<meta property=\"og:type\" content=\"article\" \/>\n<meta property=\"og:title\" content=\"Linha de transpar\u00eancia\" \/>\n<meta property=\"og:description\" content=\"Linha de transpar\u00eancia \u00a0 Utilizamos cookies essenciais e tecnologias semelhantes de acordo com a nossa Pol\u00edtica de Privacidade e, ao continuar navegando, voc\u00ea concorda com estas condi\u00e7\u00f5es.\" \/>\n<meta property=\"og:url\" content=\"https:\/\/pertech.com.br\/teste\/linha-de-transparencia\/\" \/>\n<meta property=\"og:site_name\" content=\"Pertech\" \/>\n<meta property=\"article:modified_time\" content=\"2024-03-05T14:32:34+00:00\" \/>\n<meta name=\"twitter:card\" content=\"summary_large_image\" \/>\n<script type=\"application\/ld+json\" class=\"yoast-schema-graph\">{\"@context\":\"https:\/\/schema.org\",\"@graph\":[{\"@type\":\"WebPage\",\"@id\":\"https:\/\/pertech.com.br\/teste\/linha-de-transparencia\/\",\"url\":\"https:\/\/pertech.com.br\/teste\/linha-de-transparencia\/\",\"name\":\"Linha de transpar\u00eancia - Pertech\",\"isPartOf\":{\"@id\":\"https:\/\/pertech.com.br\/teste\/#website\"},\"datePublished\":\"2023-06-30T15:36:46+00:00\",\"dateModified\":\"2024-03-05T14:32:34+00:00\",\"breadcrumb\":{\"@id\":\"https:\/\/pertech.com.br\/teste\/linha-de-transparencia\/#breadcrumb\"},\"inLanguage\":\"pt-BR\",\"potentialAction\":[{\"@type\":\"ReadAction\",\"target\":[\"https:\/\/pertech.com.br\/teste\/linha-de-transparencia\/\"]}]},{\"@type\":\"BreadcrumbList\",\"@id\":\"https:\/\/pertech.com.br\/teste\/linha-de-transparencia\/#breadcrumb\",\"itemListElement\":[{\"@type\":\"ListItem\",\"position\":1,\"name\":\"In\u00edcio\",\"item\":\"https:\/\/pertech.com.br\/teste\/\"},{\"@type\":\"ListItem\",\"position\":2,\"name\":\"Linha de transpar\u00eancia\"}]},{\"@type\":\"WebSite\",\"@id\":\"https:\/\/pertech.com.br\/teste\/#website\",\"url\":\"https:\/\/pertech.com.br\/teste\/\",\"name\":\"Pertech\",\"description\":\"\",\"potentialAction\":[{\"@type\":\"SearchAction\",\"target\":{\"@type\":\"EntryPoint\",\"urlTemplate\":\"https:\/\/pertech.com.br\/teste\/?s={search_term_string}\"},\"query-input\":{\"@type\":\"PropertyValueSpecification\",\"valueRequired\":true,\"valueName\":\"search_term_string\"}}],\"inLanguage\":\"pt-BR\"}]}<\/script>\n<!-- \/ Yoast SEO Premium plugin. -->","yoast_head_json":{"title":"Linha de transpar\u00eancia - Pertech","robots":{"index":"index","follow":"follow","max-snippet":"max-snippet:-1","max-image-preview":"max-image-preview:large","max-video-preview":"max-video-preview:-1"},"canonical":"https:\/\/pertech.com.br\/teste\/linha-de-transparencia\/","og_locale":"pt_BR","og_type":"article","og_title":"Linha de transpar\u00eancia","og_description":"Linha de transpar\u00eancia \u00a0 Utilizamos cookies essenciais e tecnologias semelhantes de acordo com a nossa Pol\u00edtica de Privacidade e, ao continuar navegando, voc\u00ea concorda com estas condi\u00e7\u00f5es.","og_url":"https:\/\/pertech.com.br\/teste\/linha-de-transparencia\/","og_site_name":"Pertech","article_modified_time":"2024-03-05T14:32:34+00:00","twitter_card":"summary_large_image","schema":{"@context":"https:\/\/schema.org","@graph":[{"@type":"WebPage","@id":"https:\/\/pertech.com.br\/teste\/linha-de-transparencia\/","url":"https:\/\/pertech.com.br\/teste\/linha-de-transparencia\/","name":"Linha de transpar\u00eancia - Pertech","isPartOf":{"@id":"https:\/\/pertech.com.br\/teste\/#website"},"datePublished":"2023-06-30T15:36:46+00:00","dateModified":"2024-03-05T14:32:34+00:00","breadcrumb":{"@id":"https:\/\/pertech.com.br\/teste\/linha-de-transparencia\/#breadcrumb"},"inLanguage":"pt-BR","potentialAction":[{"@type":"ReadAction","target":["https:\/\/pertech.com.br\/teste\/linha-de-transparencia\/"]}]},{"@type":"BreadcrumbList","@id":"https:\/\/pertech.com.br\/teste\/linha-de-transparencia\/#breadcrumb","itemListElement":[{"@type":"ListItem","position":1,"name":"In\u00edcio","item":"https:\/\/pertech.com.br\/teste\/"},{"@type":"ListItem","position":2,"name":"Linha de transpar\u00eancia"}]},{"@type":"WebSite","@id":"https:\/\/pertech.com.br\/teste\/#website","url":"https:\/\/pertech.com.br\/teste\/","name":"Pertech","description":"","potentialAction":[{"@type":"SearchAction","target":{"@type":"EntryPoint","urlTemplate":"https:\/\/pertech.com.br\/teste\/?s={search_term_string}"},"query-input":{"@type":"PropertyValueSpecification","valueRequired":true,"valueName":"search_term_string"}}],"inLanguage":"pt-BR"}]}},"_links":{"self":[{"href":"https:\/\/pertech.com.br\/teste\/wp-json\/wp\/v2\/pages\/8405","targetHints":{"allow":["GET"]}}],"collection":[{"href":"https:\/\/pertech.com.br\/teste\/wp-json\/wp\/v2\/pages"}],"about":[{"href":"https:\/\/pertech.com.br\/teste\/wp-json\/wp\/v2\/types\/page"}],"author":[{"embeddable":true,"href":"https:\/\/pertech.com.br\/teste\/wp-json\/wp\/v2\/users\/6"}],"replies":[{"embeddable":true,"href":"https:\/\/pertech.com.br\/teste\/wp-json\/wp\/v2\/comments?post=8405"}],"version-history":[{"count":0,"href":"https:\/\/pertech.com.br\/teste\/wp-json\/wp\/v2\/pages\/8405\/revisions"}],"wp:attachment":[{"href":"https:\/\/pertech.com.br\/teste\/wp-json\/wp\/v2\/media?parent=8405"}],"curies":[{"name":"wp","href":"https:\/\/api.w.org\/{rel}","templated":true}]}}